{"id":3,"date":"2021-09-15T16:21:53","date_gmt":"2021-09-15T14:21:53","guid":{"rendered":"https:\/\/pto.navigare.net.pl\/?page_id=3"},"modified":"2022-11-21T08:37:02","modified_gmt":"2022-11-21T07:37:02","slug":"polityka-prywatnosci","status":"publish","type":"page","link":"https:\/\/pto.navigare.net.pl\/?page_id=3","title":{"rendered":"Polityka prywatno\u015bci"},"content":{"rendered":"<div class=\"wpb-content-wrapper\"><p>[vc_row][vc_column][vc_custom_heading text=&#8221;POLITYKA PRYWATNO\u015aCI SERWISU WWW.PTO.INFO.PL&#8221; font_container=&#8221;tag:h3|font_size:16|text_align:left&#8221; use_theme_fonts=&#8221;yes&#8221; bb_tab_container=&#8221;&#8221;][vc_column_text bb_tab_container=&#8221;&#8221;]<\/p>\n<ol>\n<li>Informacje og\u00f3lne.\n<ol>\n<li>Operatorem Serwisu jest podmiot, kt\u00f3rego dane wskazane s\u0105 na podstronie oznaczonej etykiet\u0105\u00a0<a href=\"https:\/\/pto.info.pl\/pl\/kontakt\/polskie-towarzystwo-ortodontyczne-kontakty\/0,-1,4,9\">Kontakt<\/a>.<\/li>\n<li>Serwis realizuje funkcje pozyskiwania informacji o u\u017cytkownikach i ich zachowaniu w nast\u0119puj\u0105cy spos\u00f3b:\n<ol>\n<li>Poprzez dobrowolnie wprowadzone w formularzach informacje.<\/li>\n<li>Poprzez zapisywanie w urz\u0105dzeniach ko\u0144cowych pliki cookie (tzw. &#8222;ciasteczka&#8221;).<\/li>\n<li>Poprzez gromadzenie log\u00f3w serwera www.<\/li>\n<\/ol>\n<\/li>\n<\/ol>\n<\/li>\n<li>Informacje w formularzach.\n<ol>\n<li>Serwis zbiera informacje podane dobrowolnie przez u\u017cytkownika.<\/li>\n<li>Serwis mo\u017ce zapisa\u0107 ponadto informacje o parametrach po\u0142\u0105czenia (oznaczenie czasu, adres IP)<\/li>\n<li>Dane w formularzu nie s\u0105 udost\u0119pniane podmiotom trzecim inaczej, ni\u017c za zgod\u0105 u\u017cytkownika.<\/li>\n<li>Dane podane w formularzu mog\u0105 stanowi\u0107 zbi\u00f3r potencjalnych klient\u00f3w, podlegaj\u0105cy restrykcjom Ustawy z dnia 29 sierpnia 1997 r. o ochronie danych osobowych, w tym obowi\u0105zkowi rejestracji przez Operatora Serwisu w rejestrze prowadzonym przez Generalnego Inspektora Ochrony Danych Osobowych.<\/li>\n<li>Dane podane w formularzu s\u0105 przetwarzane w celu wynikaj\u0105cym z funkcji formularza, tj. w celu udzielenia informacji zwrotnej na zapytanie klienta lub kontaktu handlowego.<\/li>\n<\/ol>\n<\/li>\n<li>Informacja o plikach cookies.\n<ol>\n<li>Serwis korzysta z plik\u00f3w cookies.<\/li>\n<li>Pliki cookies (tzw. \u201eciasteczka\u201d) stanowi\u0105 dane informatyczne, w szczeg\u00f3lno\u015bci pliki tekstowe, kt\u00f3re przechowywane s\u0105 w urz\u0105dzeniu ko\u0144cowym U\u017cytkownika Serwisu i przeznaczone s\u0105 do korzystania ze stron internetowych Serwisu. Cookies zazwyczaj zawieraj\u0105 nazw\u0119 strony internetowej, z kt\u00f3rej pochodz\u0105, czas przechowywania ich na urz\u0105dzeniu ko\u0144cowym oraz unikalny numer.<\/li>\n<li>Podmiotem zamieszczaj\u0105cym na urz\u0105dzeniu ko\u0144cowym U\u017cytkownika Serwisu pliki cookies oraz uzyskuj\u0105cym do nich dost\u0119p jest operator Serwisu.<\/li>\n<li>Pliki cookies wykorzystywane s\u0105 w nast\u0119puj\u0105cych celach:\n<ol>\n<li>tworzenia statystyk, kt\u00f3re pomagaj\u0105 zrozumie\u0107, w jaki spos\u00f3b U\u017cytkownicy Serwisu korzystaj\u0105 ze stron internetowych, okre\u015blenie jego profilu w celu wy\u015bwietlania mu dopasowanych informacji, co umo\u017cliwia ulepszanie ich struktury i zawarto\u015bci, w szczeg\u00f3lno\u015bci us\u0142ugi wyszukiwarki Google;<\/li>\n<li>utrzymanie sesji U\u017cytkownika Serwisu (po zalogowaniu), dzi\u0119ki kt\u00f3rej U\u017cytkownik nie musi na ka\u017cdej podstronie Serwisu ponownie wpisywa\u0107 loginu i has\u0142a.<\/li>\n<\/ol>\n<\/li>\n<li>W ramach Serwisu stosowane s\u0105 dwa zasadnicze rodzaje plik\u00f3w cookies: \u201esesyjne\u201d (session cookies) oraz \u201esta\u0142e\u201d (persistent cookies). Cookies \u201esesyjne\u201d s\u0105 plikami tymczasowymi, kt\u00f3re przechowywane s\u0105 w urz\u0105dzeniu ko\u0144cowym U\u017cytkownika do czasu wylogowania, opuszczenia strony internetowej lub wy\u0142\u0105czenia oprogramowania (przegl\u0105darki internetowej). \u201eSta\u0142e\u201d pliki cookies przechowywane s\u0105 w urz\u0105dzeniu ko\u0144cowym U\u017cytkownika przez czas okre\u015blony w parametrach plik\u00f3w cookies lub do czasu ich usuni\u0119cia przez U\u017cytkownika.<\/li>\n<li>Oprogramowanie do przegl\u0105dania stron internetowych (przegl\u0105darka internetowa) zazwyczaj domy\u015blnie dopuszcza przechowywanie plik\u00f3w cookies w urz\u0105dzeniu ko\u0144cowym U\u017cytkownika. U\u017cytkownicy Serwisu mog\u0105 dokona\u0107 zmiany ustawie\u0144 w tym zakresie. Przegl\u0105darka internetowa umo\u017cliwia usuni\u0119cie plik\u00f3w cookies. Mo\u017cliwe jest tak\u017ce automatyczne blokowanie plik\u00f3w cookies Szczeg\u00f3\u0142owe informacje na ten temat zawiera pomoc lub dokumentacja przegl\u0105darki internetowej.<\/li>\n<li>Ograniczenia stosowania plik\u00f3w cookies mog\u0105 wp\u0142yn\u0105\u0107 na niekt\u00f3re funkcjonalno\u015bci dost\u0119pne na stronach internetowych Serwisu.<\/li>\n<li>Pliki cookies zamieszczane w urz\u0105dzeniu ko\u0144cowym U\u017cytkownika Serwisu i wykorzystywane mog\u0105 by\u0107 r\u00f3wnie\u017c przez wsp\u00f3\u0142pracuj\u0105cych z operatorem Serwisu reklamodawc\u00f3w oraz partner\u00f3w.<\/li>\n<li>Zalecamy przeczytanie polityki ochrony prywatno\u015bci tych firm, aby pozna\u0107 zasady korzystania z plik\u00f3w cookie wykorzystywane w statystykach:\u00a0<a href=\"https:\/\/www.google.pl\/intl\/pl\/analytics\/privacyoverview.html\">Polityka ochrony prywatno\u015bci Google Analytics<\/a><\/li>\n<li>Pliki cookie mog\u0105 by\u0107 wykorzystane przez sieci reklamowe, w szczeg\u00f3lno\u015bci sie\u0107 Google, do wy\u015bwietlenia reklam dopasowanych do sposobu, w jaki u\u017cytkownik korzysta z Serwisu. W tym celu mog\u0105 zachowa\u0107 informacj\u0119 o \u015bcie\u017cce nawigacji u\u017cytkownika lub czasie pozostawania na danej stronie.<\/li>\n<li>W zakresie informacji o preferencjach u\u017cytkownika gromadzonych przez sie\u0107 reklamow\u0105 Google u\u017cytkownik mo\u017ce przegl\u0105da\u0107 i edytowa\u0107 informacje wynikaj\u0105ce z plik\u00f3w cookies przy pomocy narz\u0119dzia:\u00a0<a href=\"https:\/\/www.google.com\/ads\/preferences\/\">https:\/\/www.google.com\/ads\/preferences\/<\/a><\/li>\n<\/ol>\n<\/li>\n<li>Logi serwera.\n<ol>\n<li>Informacje o niekt\u00f3rych zachowaniach u\u017cytkownik\u00f3w podlegaj\u0105 logowaniu w warstwie serwerowej. Dane te s\u0105 wykorzystywane wy\u0142\u0105cznie w celu administrowania serwisem oraz w celu zapewnienia jak najbardziej sprawnej obs\u0142ugi \u015bwiadczonych us\u0142ug hostingowych.<\/li>\n<li>Przegl\u0105dane zasoby identyfikowane s\u0105 poprzez adresy URL. Ponadto zapisowi mog\u0105 podlega\u0107:\n<ol>\n<li>czas nadej\u015bcia zapytania,<\/li>\n<li>czas wys\u0142ania odpowiedzi,<\/li>\n<li>nazw\u0119 stacji klienta \u2013 identyfikacja realizowana przez protok\u00f3\u0142 HTTP,<\/li>\n<li>informacje o b\u0142\u0119dach jakie nast\u0105pi\u0142y przy realizacji transakcji HTTP,<\/li>\n<li>adres URL strony poprzednio odwiedzanej przez u\u017cytkownika (referer link) \u2013 w przypadku gdy przej\u015bcie do Serwisu nast\u0105pi\u0142o przez odno\u015bnik,<\/li>\n<li>informacje o przegl\u0105darce u\u017cytkownika,<\/li>\n<li>Informacje o adresie IP.<\/li>\n<\/ol>\n<\/li>\n<li>Dane powy\u017csze nie s\u0105 kojarzone z konkretnymi osobami przegl\u0105daj\u0105cymi strony.<\/li>\n<li>Dane powy\u017csze s\u0105 wykorzystywane jedynie dla cel\u00f3w administrowania serwerem.<\/li>\n<\/ol>\n<\/li>\n<li>Udost\u0119pnienie danych.\n<ol>\n<li>Dane podlegaj\u0105 udost\u0119pnieniu podmiotom zewn\u0119trznym wy\u0142\u0105cznie w granicach prawnie dozwolonych.<\/li>\n<li>Dane umo\u017cliwiaj\u0105ce identyfikacj\u0119 osoby fizycznej s\u0105 udost\u0119pniane wy\u0142\u0105czenie za zgod\u0105 tej osoby.<\/li>\n<li>Operator mo\u017ce mie\u0107 obowi\u0105zek udzielania informacji zebranych przez Serwis upowa\u017cnionym organom na podstawie zgodnych z prawem \u017c\u0105da\u0144 w zakresie wynikaj\u0105cym z \u017c\u0105dania.<\/li>\n<\/ol>\n<\/li>\n<li>Zarz\u0105dzanie plikami cookies \u2013 jak w praktyce wyra\u017ca\u0107 i cofa\u0107 zgod\u0119?\n<ol>\n<li>Je\u015bli u\u017cytkownik nie chce otrzymywa\u0107 plik\u00f3w cookies, mo\u017ce zmieni\u0107 ustawienia przegl\u0105darki. Zastrzegamy, \u017ce wy\u0142\u0105czenie obs\u0142ugi plik\u00f3w cookies niezb\u0119dnych dla proces\u00f3w uwierzytelniania, bezpiecze\u0144stwa, utrzymania preferencji u\u017cytkownika mo\u017ce utrudni\u0107, a w skrajnych przypadkach mo\u017ce uniemo\u017cliwi\u0107 korzystanie ze stron www.<\/li>\n<li>W celu zarz\u0105dzania ustawieniami cookies wybierz z listy poni\u017cej przegl\u0105dark\u0119 internetow\u0105\/ system i post\u0119puj zgodnie z instrukcjami:\n<ol>\n<li><a href=\"https:\/\/support.microsoft.com\/kb\/196955\">Internet Explorer<\/a><\/li>\n<li><a href=\"https:\/\/support.google.com\/chrome\/bin\/answer.py?hl=pl&amp;answer=95647\">Chrome<\/a><\/li>\n<li><a href=\"https:\/\/support.apple.com\/kb\/PH5042\">Safari<\/a><\/li>\n<li><a href=\"https:\/\/support.mozilla.org\/pl\/kb\/W%C5%82%C4%85czanie%20i%20wy%C5%82%C4%85czanie%20obs%C5%82ugi%20ciasteczek\">Firefox<\/a><\/li>\n<li><a href=\"http:\/\/help.opera.com\/Windows\/12.10\/pl\/cookies.html\">Opera<\/a><\/li>\n<li><a href=\"https:\/\/support.google.com\/chrome\/bin\/answer.py?hl=pl&amp;answer=95647\">Android<\/a><\/li>\n<li><a href=\"https:\/\/support.apple.com\/kb\/HT1677?viewlocale=pl_PL\">Safari (iOS)<\/a><\/li>\n<li><a href=\"https:\/\/www.windowsphone.com\/pl-pl\/how-to\/wp7\/web\/changing-privacy-and-other-browser-settings\">Windows Phone<\/a><\/li>\n<li><a href=\"http:\/\/docs.blackberry.com\/en\/smartphone_users\/deliverables\/32004\/Turn_off_cookies_in_the_browser_60_1072866_11.jsp\">Blackberry.<\/a><\/li>\n<\/ol>\n<\/li>\n<li>Brak zmiany ustawie\u0144 oprogramowania wykorzystywanego do przegl\u0105dania niniejszej strony internetowej i jej podstron, stanowi w my\u015bl art. 173 ust. 2 Ustawy prawo telekomunikacyjne wyra\u017cenie zgody na korzystanie przez t\u0119 stron\u0119 i jej podstrony z plik\u00f3w cookies w celach wy\u017cej okre\u015blonych.<\/li>\n<\/ol>\n<\/li>\n<\/ol>\n<p>[\/vc_column_text][\/vc_column][\/vc_row]<\/p>\n<\/div>","protected":false},"excerpt":{"rendered":"<p>[vc_row][vc_column][vc_custom_heading text=&#8221;POLITYKA PRYWATNO\u015aCI SERWISU WWW.PTO.INFO.PL&#8221; font_container=&#8221;tag:h3|font_size:16|text_align:left&#8221; use_theme_fonts=&#8221;yes&#8221; bb_tab_container=&#8221;&#8221;][vc_column_text bb_tab_container=&#8221;&#8221;] Informacje og\u00f3lne. Operatorem Serwisu jest podmiot, kt\u00f3rego dane wskazane s\u0105 na podstronie oznaczonej etykiet\u0105\u00a0Kontakt. Serwis realizuje funkcje pozyskiwania informacji o u\u017cytkownikach i ich zachowaniu w nast\u0119puj\u0105cy spos\u00f3b: Poprzez dobrowolnie wprowadzone w formularzach informacje. Poprzez zapisywanie w urz\u0105dzeniach ko\u0144cowych pliki cookie (tzw. &#8222;ciasteczka&#8221;). Poprzez gromadzenie log\u00f3w serwera [&hellip;]<\/p>\n","protected":false},"author":1,"featured_media":0,"parent":0,"menu_order":0,"comment_status":"closed","ping_status":"open","template":"","meta":{"_bbp_topic_count":0,"_bbp_reply_count":0,"_bbp_total_topic_count":0,"_bbp_total_reply_count":0,"_bbp_voice_count":0,"_bbp_anonymous_reply_count":0,"_bbp_topic_count_hidden":0,"_bbp_reply_count_hidden":0,"_bbp_forum_subforum_count":0,"footnotes":""},"categories":[],"tags":[],"class_list":["post-3","page","type-page","status-publish"],"_links":{"self":[{"href":"https:\/\/pto.navigare.net.pl\/index.php?rest_route=\/wp\/v2\/pages\/3","targetHints":{"allow":["GET"]}}],"collection":[{"href":"https:\/\/pto.navigare.net.pl\/index.php?rest_route=\/wp\/v2\/pages"}],"about":[{"href":"https:\/\/pto.navigare.net.pl\/index.php?rest_route=\/wp\/v2\/types\/page"}],"author":[{"embeddable":true,"href":"https:\/\/pto.navigare.net.pl\/index.php?rest_route=\/wp\/v2\/users\/1"}],"replies":[{"embeddable":true,"href":"https:\/\/pto.navigare.net.pl\/index.php?rest_route=%2Fwp%2Fv2%2Fcomments&post=3"}],"version-history":[{"count":1,"href":"https:\/\/pto.navigare.net.pl\/index.php?rest_route=\/wp\/v2\/pages\/3\/revisions"}],"predecessor-version":[{"id":100001358,"href":"https:\/\/pto.navigare.net.pl\/index.php?rest_route=\/wp\/v2\/pages\/3\/revisions\/100001358"}],"wp:attachment":[{"href":"https:\/\/pto.navigare.net.pl\/index.php?rest_route=%2Fwp%2Fv2%2Fmedia&parent=3"}],"wp:term":[{"taxonomy":"category","embeddable":true,"href":"https:\/\/pto.navigare.net.pl\/index.php?rest_route=%2Fwp%2Fv2%2Fcategories&post=3"},{"taxonomy":"post_tag","embeddable":true,"href":"https:\/\/pto.navigare.net.pl\/index.php?rest_route=%2Fwp%2Fv2%2Ftags&post=3"}],"curies":[{"name":"wp","href":"https:\/\/api.w.org\/{rel}","templated":true}]}}