{"id":100002236,"date":"2025-06-09T15:48:49","date_gmt":"2025-06-09T13:48:49","guid":{"rendered":"https:\/\/pto.navigare.net.pl\/?page_id=100002236"},"modified":"2025-06-09T15:51:24","modified_gmt":"2025-06-09T13:51:24","slug":"sekcja-rezydentow","status":"publish","type":"page","link":"https:\/\/pto.navigare.net.pl\/?page_id=100002236","title":{"rendered":"Sekcja Rezydent\u00f3w"},"content":{"rendered":"<div class=\"wpb-content-wrapper\"><p>[vc_row][vc_column width=&#8221;5\/6&#8243;][vc_tta_tour style=&#8221;gp-1&#8243; shape=&#8221;square&#8221; spacing=&#8221;15&#8243; gap=&#8221;35&#8243; controls_size=&#8221;md&#8221; active_section=&#8221;1&#8243;][vc_tta_section title=&#8221;SEKCJA REZYDENT\u00d3W&#8221; tab_id=&#8221;1634634702288-2fccfbbc-ae6c&#8221; bb_tab_container=&#8221;&#8221;][vc_column_text]Przewodnicz\u0105cy: dr n. med. Maciej Jedli\u0144ski<br \/>\nVice Przewodnicz\u0105ca: lek. dent. Marta Lipiec<br \/>\nSkarbnik: lek. dent. Emilia Klimek<\/p>\n<p>e-mail:\u00a0rezydenci.pto@gmail.com[\/vc_column_text][\/vc_tta_section][\/vc_tta_tour][\/vc_column][vc_column width=&#8221;1\/6&#8243;][\/vc_column][\/vc_row]<\/p>\n<\/div>","protected":false},"excerpt":{"rendered":"<p>[vc_row][vc_column width=&#8221;5\/6&#8243;][vc_tta_tour style=&#8221;gp-1&#8243; shape=&#8221;square&#8221; spacing=&#8221;15&#8243; gap=&#8221;35&#8243; controls_size=&#8221;md&#8221; active_section=&#8221;1&#8243;][vc_tta_section title=&#8221;SEKCJA REZYDENT\u00d3W&#8221; tab_id=&#8221;1634634702288-2fccfbbc-ae6c&#8221; bb_tab_container=&#8221;&#8221;][vc_column_text]Przewodnicz\u0105cy: dr n. med. Maciej Jedli\u0144ski Vice Przewodnicz\u0105ca: lek. dent. Marta Lipiec Skarbnik: lek. dent. Emilia Klimek e-mail:\u00a0rezydenci.pto@gmail.com[\/vc_column_text][\/vc_tta_section][\/vc_tta_tour][\/vc_column][vc_column width=&#8221;1\/6&#8243;][\/vc_column][\/vc_row]<\/p>\n","protected":false},"author":1,"featured_media":0,"parent":0,"menu_order":0,"comment_status":"closed","ping_status":"closed","template":"","meta":{"_bbp_topic_count":0,"_bbp_reply_count":0,"_bbp_total_topic_count":0,"_bbp_total_reply_count":0,"_bbp_voice_count":0,"_bbp_anonymous_reply_count":0,"_bbp_topic_count_hidden":0,"_bbp_reply_count_hidden":0,"_bbp_forum_subforum_count":0,"footnotes":""},"categories":[],"tags":[],"class_list":["post-100002236","page","type-page","status-publish"],"_links":{"self":[{"href":"https:\/\/pto.navigare.net.pl\/index.php?rest_route=\/wp\/v2\/pages\/100002236","targetHints":{"allow":["GET"]}}],"collection":[{"href":"https:\/\/pto.navigare.net.pl\/index.php?rest_route=\/wp\/v2\/pages"}],"about":[{"href":"https:\/\/pto.navigare.net.pl\/index.php?rest_route=\/wp\/v2\/types\/page"}],"author":[{"embeddable":true,"href":"https:\/\/pto.navigare.net.pl\/index.php?rest_route=\/wp\/v2\/users\/1"}],"replies":[{"embeddable":true,"href":"https:\/\/pto.navigare.net.pl\/index.php?rest_route=%2Fwp%2Fv2%2Fcomments&post=100002236"}],"version-history":[{"count":2,"href":"https:\/\/pto.navigare.net.pl\/index.php?rest_route=\/wp\/v2\/pages\/100002236\/revisions"}],"predecessor-version":[{"id":100002238,"href":"https:\/\/pto.navigare.net.pl\/index.php?rest_route=\/wp\/v2\/pages\/100002236\/revisions\/100002238"}],"wp:attachment":[{"href":"https:\/\/pto.navigare.net.pl\/index.php?rest_route=%2Fwp%2Fv2%2Fmedia&parent=100002236"}],"wp:term":[{"taxonomy":"category","embeddable":true,"href":"https:\/\/pto.navigare.net.pl\/index.php?rest_route=%2Fwp%2Fv2%2Fcategories&post=100002236"},{"taxonomy":"post_tag","embeddable":true,"href":"https:\/\/pto.navigare.net.pl\/index.php?rest_route=%2Fwp%2Fv2%2Ftags&post=100002236"}],"curies":[{"name":"wp","href":"https:\/\/api.w.org\/{rel}","templated":true}]}}