{"id":100001121,"date":"2022-01-31T07:22:46","date_gmt":"2022-01-31T06:22:46","guid":{"rendered":"https:\/\/pto.navigare.net.pl\/default-redirect-page\/"},"modified":"2023-06-07T18:23:42","modified_gmt":"2023-06-07T16:23:42","slug":"default-redirect-page","status":"publish","type":"page","link":"https:\/\/pto.navigare.net.pl\/?page_id=100001121","title":{"rendered":"Brak uprawnie\u0144"},"content":{"rendered":"<div class=\"wpb-content-wrapper\"><p>[vc_row][vc_column][vc_column_text]<\/p>\n<h2 style=\"text-align: center;\">Nie masz uprawnie\u0144 do wy\u015bwietlania tej strony.<\/h2>\n<h4 style=\"text-align: center;\">Zaloguj si\u0119<\/h4>\n<p>[\/vc_column_text]<div class=\"ihc-login-form-wrap ihc-login-template-1\"><form method=\"post\" id=\"ihc_login_form\"><input type=\"hidden\" name=\"ihcaction\" value=\"login\" \/><input type=\"hidden\" name=\"ihc_login_nonce\" value=\"4a7c7bb9e7\" \/><div class=\"impu-form-line-fr\"><span class=\"impu-form-label-fr impu-form-label-username\">Nazwa u\u017cytkownika:<\/span><input type=\"text\" value=\"\" name=\"log\" id=\"iump_login_username\" \/><\/div><div class=\"impu-form-line-fr\"><span class=\"impu-form-label-fr impu-form-label-pass\">Has\u0142o:<\/span><input type=\"password\" value=\"\" name=\"pwd\" id=\"iump_login_password\" \/><span type=\"button\" class=\"ihc-hide-pw hide-if-no-js\" data-toggle=\"0\" aria-label=\"Show password\">\n\t\t\t\t\t\t<span class=\"dashicons dashicons-visibility\" aria-hidden=\"true\"><\/span>\n\t\t\t\t\t<\/span><\/div><div class=\"impu-form-line-fr impu-remember-wrapper\"><input type=\"checkbox\" value=\"forever\" name=\"rememberme\" class=\"impu-form-input-remember\" \/><span class=\"impu-form-label-fr impu-form-label-remember\">Zapami\u0119taj mnie<\/span> <\/div><div  class=\"impu-form-line-fr impu-form-links\"><div class=\"impu-form-links-reg\"><a href=\"https:\/\/pto.navigare.net.pl\/?page_id=100000623\">Zarejestruj si\u0119<\/a><\/div><div class=\"impu-form-links-pass\"><a href=\"https:\/\/pto.navigare.net.pl\/?page_id=100001115\">Zapomnia\u0142e\u015b has\u0142a?<\/a><\/div><\/div><div class=\"impu-form-line-fr impu-form-submit\"><input type=\"submit\" value=\"Zaloguj si\u0119\" name=\"Submit\"  class=\"button button-primary button-large\"\/><\/div><\/form><\/div><span class='ihc-js-login-data'\n\t\t\t\t\t\t\t\tdata-user_field='#iump_login_username'\n\t\t\t\t\t\t\t\tdata-password_field='#iump_login_password'\n\t\t\t\t\t\t\t\tdata-error_message='Please complete all required fields!' ><\/span>[\/vc_column][\/vc_row]<\/p>\n<\/div>","protected":false},"excerpt":{"rendered":"<p>[vc_row][vc_column][vc_column_text] Nie masz uprawnie\u0144 do wy\u015bwietlania tej strony. Zaloguj si\u0119 [\/vc_column_text][\/vc_column][\/vc_row]<\/p>\n","protected":false},"author":1,"featured_media":0,"parent":0,"menu_order":0,"comment_status":"closed","ping_status":"closed","template":"","meta":{"_bbp_topic_count":0,"_bbp_reply_count":0,"_bbp_total_topic_count":0,"_bbp_total_reply_count":0,"_bbp_voice_count":0,"_bbp_anonymous_reply_count":0,"_bbp_topic_count_hidden":0,"_bbp_reply_count_hidden":0,"_bbp_forum_subforum_count":0,"footnotes":""},"categories":[],"tags":[],"class_list":["post-100001121","page","type-page","status-publish"],"_links":{"self":[{"href":"https:\/\/pto.navigare.net.pl\/index.php?rest_route=\/wp\/v2\/pages\/100001121","targetHints":{"allow":["GET"]}}],"collection":[{"href":"https:\/\/pto.navigare.net.pl\/index.php?rest_route=\/wp\/v2\/pages"}],"about":[{"href":"https:\/\/pto.navigare.net.pl\/index.php?rest_route=\/wp\/v2\/types\/page"}],"author":[{"embeddable":true,"href":"https:\/\/pto.navigare.net.pl\/index.php?rest_route=\/wp\/v2\/users\/1"}],"replies":[{"embeddable":true,"href":"https:\/\/pto.navigare.net.pl\/index.php?rest_route=%2Fwp%2Fv2%2Fcomments&post=100001121"}],"version-history":[{"count":3,"href":"https:\/\/pto.navigare.net.pl\/index.php?rest_route=\/wp\/v2\/pages\/100001121\/revisions"}],"predecessor-version":[{"id":100001733,"href":"https:\/\/pto.navigare.net.pl\/index.php?rest_route=\/wp\/v2\/pages\/100001121\/revisions\/100001733"}],"wp:attachment":[{"href":"https:\/\/pto.navigare.net.pl\/index.php?rest_route=%2Fwp%2Fv2%2Fmedia&parent=100001121"}],"wp:term":[{"taxonomy":"category","embeddable":true,"href":"https:\/\/pto.navigare.net.pl\/index.php?rest_route=%2Fwp%2Fv2%2Fcategories&post=100001121"},{"taxonomy":"post_tag","embeddable":true,"href":"https:\/\/pto.navigare.net.pl\/index.php?rest_route=%2Fwp%2Fv2%2Ftags&post=100001121"}],"curies":[{"name":"wp","href":"https:\/\/api.w.org\/{rel}","templated":true}]}}