{"id":100001116,"date":"2022-01-31T07:22:46","date_gmt":"2022-01-31T06:22:46","guid":{"rendered":"https:\/\/pto.navigare.net.pl\/subscription-plan\/"},"modified":"2022-01-31T07:22:46","modified_gmt":"2022-01-31T06:22:46","slug":"subscription-plan","status":"publish","type":"page","link":"https:\/\/pto.navigare.net.pl\/?page_id=100001116","title":{"rendered":"Subscription Plan"},"content":{"rendered":"<div class=\"ich_level_wrap ihc_level_template_5\"><div class=\"ihc-level-item\"><div class=\"ihc-level-item-wrap\"><div class=\"ihc-level-item-top\"><div class=\"ihc-level-item-title\">Specjalista<\/div><\/div><div class=\"ihc-level-item-price\">350 z\u0142<\/div><div class=\"ihc-level-item-content\">Cz\u0142onkostwo dla specjalist\u00f3w.<\/div><div class=\"ihc-level-item-bottom\"><div onClick=\"ihcBuyNewLevel('https:\/\/pto.navigare.net.pl\/?page_id=100000623&lid=5');\" class=\"ihc-level-item-link  ihc-cursor-pointer\">Zarejestruj si\u0119<\/div><div class=\"iump-clear\"><\/div><\/div><\/div><\/div><\/div>\n","protected":false},"excerpt":{"rendered":"Specjalista350 z\u0142Cz\u0142onkostwo dla specjalist\u00f3w.Zarejestruj si\u0119","protected":false},"author":1,"featured_media":0,"parent":0,"menu_order":0,"comment_status":"closed","ping_status":"closed","template":"","meta":{"_bbp_topic_count":0,"_bbp_reply_count":0,"_bbp_total_topic_count":0,"_bbp_total_reply_count":0,"_bbp_voice_count":0,"_bbp_anonymous_reply_count":0,"_bbp_topic_count_hidden":0,"_bbp_reply_count_hidden":0,"_bbp_forum_subforum_count":0,"footnotes":""},"categories":[],"tags":[],"class_list":["post-100001116","page","type-page","status-publish"],"_links":{"self":[{"href":"https:\/\/pto.navigare.net.pl\/index.php?rest_route=\/wp\/v2\/pages\/100001116","targetHints":{"allow":["GET"]}}],"collection":[{"href":"https:\/\/pto.navigare.net.pl\/index.php?rest_route=\/wp\/v2\/pages"}],"about":[{"href":"https:\/\/pto.navigare.net.pl\/index.php?rest_route=\/wp\/v2\/types\/page"}],"author":[{"embeddable":true,"href":"https:\/\/pto.navigare.net.pl\/index.php?rest_route=\/wp\/v2\/users\/1"}],"replies":[{"embeddable":true,"href":"https:\/\/pto.navigare.net.pl\/index.php?rest_route=%2Fwp%2Fv2%2Fcomments&post=100001116"}],"version-history":[{"count":0,"href":"https:\/\/pto.navigare.net.pl\/index.php?rest_route=\/wp\/v2\/pages\/100001116\/revisions"}],"wp:attachment":[{"href":"https:\/\/pto.navigare.net.pl\/index.php?rest_route=%2Fwp%2Fv2%2Fmedia&parent=100001116"}],"wp:term":[{"taxonomy":"category","embeddable":true,"href":"https:\/\/pto.navigare.net.pl\/index.php?rest_route=%2Fwp%2Fv2%2Fcategories&post=100001116"},{"taxonomy":"post_tag","embeddable":true,"href":"https:\/\/pto.navigare.net.pl\/index.php?rest_route=%2Fwp%2Fv2%2Ftags&post=100001116"}],"curies":[{"name":"wp","href":"https:\/\/api.w.org\/{rel}","templated":true}]}}