{"id":100000621,"date":"2021-10-12T14:57:00","date_gmt":"2021-10-12T12:57:00","guid":{"rendered":"https:\/\/pto.navigare.net.pl\/?page_id=100000621"},"modified":"2024-11-15T20:21:42","modified_gmt":"2024-11-15T19:21:42","slug":"dolacz-do-pto","status":"publish","type":"page","link":"https:\/\/pto.navigare.net.pl\/?page_id=100000621","title":{"rendered":"Do\u0142\u0105cz do PTO"},"content":{"rendered":"<div class=\"wpb-content-wrapper\"><p>[vc_row][vc_column][vc_empty_space height=&#8221;50px&#8221;][\/vc_column][\/vc_row][vc_row][vc_column][vc_tta_tabs style=&#8221;gp-3&#8243; shape=&#8221;square&#8221; alignment=&#8221;center&#8221; active_section=&#8221;1&#8243;][vc_tta_section title=&#8221;Korzy\u015bci&#8221; tab_id=&#8221;korzysci&#8221;][vc_row_inner][vc_column_inner css=&#8221;.vc_custom_1636184469856{padding-right: 4% !important;padding-left: 4% !important;}&#8221;][vc_empty_space][vc_column_text]<\/p>\n<h2>Korzy\u015bci z cz\u0142onkostwa w PTO:<\/h2>\n<ul>\n<li>Udzia\u0142 w wydarzeniach naukowych i dydaktycznych organizowanych przez PTO,<\/li>\n<li>Wp\u0142yw na kszta\u0142towanie polityki PTO\u00a0 (bierne i czynne prawo wyborcze, zgodnie ze Statutem Towarzystwa),<\/li>\n<li>Ni\u017csze op\u0142aty zjazdowe, konferencyjne, szkoleniowe na wydarzenia naukowe organizowane przez\u00a0 PTO<\/li>\n<li>Bezp\u0142atny dost\u0119p Online \u2013 Forum Ortodontyczne (organ Towarzystwa)<\/li>\n<li>Bezp\u0142atny dost\u0119p Online do JCO\u00a0 &#8211; Journal of Clinical Orthodontics\u00a0(prenumerata online)<\/li>\n<li>Ponadto <a href=\"https:\/\/sip.lex.pl\/akty-prawne\/dzu-dziennik-ustaw\/sposob-dopelnienia-obowiazku-doskonalenia-zawodowego-lekarzy-i-lekarzy-19209780\">zgodnie z Rozporz\u0105dzeniem Ministra Zdrowia \u201eW sprawie dope\u0142nienia obowi\u0105zku doskonalenia zawodowego lekarzy i lekarzy dentyst\u00f3w\u201d z dnia 21 lutego 2022 r. w sprawie sposobu dope\u0142nienia obowi\u0105zku doskonalenia zawodowego lekarzy i lekarzy dentyst\u00f3w (Dz.U.2022.464, Za\u0142\u0105cznik, punkt 19)\u00a0 za przynale\u017cno\u015b\u0107 do Towarzystwa Naukowego przys\u0142uguje 5 punkt\u00f3w edukacyjnych<\/a>.<\/li>\n<\/ul>\n<p>[\/vc_column_text][\/vc_column_inner][\/vc_row_inner][\/vc_tta_section][vc_tta_section title=&#8221;Jak zosta\u0107 cz\u0142onkiem PTO&#8221; tab_id=&#8221;jak-zostac-czlonkiem-pto&#8221;][vc_row_inner][vc_column_inner css=&#8221;.vc_custom_1636184469856{padding-right: 4% !important;padding-left: 4% !important;}&#8221;][vc_empty_space][vc_column_text bb_tab_container=&#8221;&#8221;]<\/p>\n<h2>Aby zosta\u0107 cz\u0142onkiem PTO nale\u017cy:<\/h2>\n<ul>\n<li>w przypadku nowych cz\u0142onk\u00f3w niespecjalist\u00f3w wymagane s\u0105 podpisy 2 cz\u0142onk\u00f3w PTO specjalist\u00f3w ortodont\u00f3w tzw. cz\u0142onk\u00f3w wprowadzaj\u0105cych<\/li>\n<li>wype\u0142ni\u0107 zg\u0142oszenie internetowo poprzez Formularz zg\u0142oszeniowy<\/li>\n<li>ui\u015bci\u0107 op\u0142at\u0119 wpisow\u0105 w wysoko\u015bci 100 PLN oraz op\u0142at\u0119 roczn\u0105 250 PLN. Razem 350 z\u0142<\/li>\n<\/ul>\n<p>nr konta: Bank PeKaO S.A. V\/O Lublin 17 1240 1503 1111 0000 1752 9358<\/p>\n<p>Jednocze\u015bnie prosimy zapozna\u0107 si\u0119 ze\u00a0<a href=\"https:\/\/pto.navigare.net.pl\/statut\/\">Statutem Polskiego Towarzystwa Ortodontycznego.<\/a>[\/vc_column_text][vc_column_text]<\/p>\n<h3>Wy\u015blij zg\u0142oszenie:<\/h3>\n<p>[\/vc_column_text][\/vc_column_inner][\/vc_row_inner][vc_row_inner][vc_column_inner width=&#8221;1\/3&#8243;][vc_hoverbox image=&#8221;100001106&#8243; primary_title=&#8221;SPECJALISTA&#8221; hover_title=&#8221;&#8221; hover_btn_title=&#8221;Rejestracja&#8221; hover_btn_style=&#8221;gradient-custom&#8221; hover_btn_gradient_custom_color_1=&#8221;#1d55a4&#8243; hover_btn_gradient_custom_color_2=&#8221;#1d55a4&#8243; hover_add_button=&#8221;true&#8221; hover_btn_link=&#8221;url:https%3A%2F%2Fpto.navigare.net.pl%2Frejestracja-specjalista%2F&#8221;]Rejestracja dla os\u00f3b posiadaj\u0105cych specjalizacj\u0119 z ortodoncji.[\/vc_hoverbox][\/vc_column_inner][vc_column_inner width=&#8221;1\/3&#8243;][vc_hoverbox image=&#8221;100001106&#8243; primary_title=&#8221;NIESPECJALISTA&#8221; hover_title=&#8221;&#8221; hover_btn_title=&#8221;Rejestracja&#8221; hover_btn_style=&#8221;gradient-custom&#8221; hover_btn_gradient_custom_color_1=&#8221;#1d55a4&#8243; hover_btn_gradient_custom_color_2=&#8221;#1d55a4&#8243; hover_add_button=&#8221;true&#8221; hover_btn_link=&#8221;url:https%3A%2F%2Fpto.navigare.net.pl%2Frejestracja-niespecjalista%2F&#8221;]Rejestracja dla os\u00f3b nie posiadaj\u0105cych specjalizacji z ortodoncji.[\/vc_hoverbox][\/vc_column_inner][vc_column_inner width=&#8221;1\/3&#8243;][vc_hoverbox image=&#8221;100001106&#8243; primary_title=&#8221;W TRAKCIE SPECJALIZACJI&#8221; hover_title=&#8221;&#8221; hover_btn_title=&#8221;Rejestracja&#8221; hover_btn_style=&#8221;gradient-custom&#8221; hover_btn_gradient_custom_color_1=&#8221;#1d55a4&#8243; hover_btn_gradient_custom_color_2=&#8221;#1d55a4&#8243; hover_add_button=&#8221;true&#8221; hover_btn_link=&#8221;url:https%3A%2F%2Fpto.navigare.net.pl%2Fw-trakcie-specjalizacji%2F&#8221;]Rejestracja dla os\u00f3b w trakcie specjalizacji z ortodoncji.[\/vc_hoverbox][\/vc_column_inner][\/vc_row_inner][\/vc_tta_section][vc_tta_section title=&#8221;Sk\u0142adka cz\u0142onkowska&#8221; tab_id=&#8221;skladka-czlonkowska&#8221;][vc_row_inner][vc_column_inner css=&#8221;.vc_custom_1636184469856{padding-right: 4% !important;padding-left: 4% !important;}&#8221;][vc_empty_space][vc_column_text]<\/p>\n<h2>Sk\u0142adka cz\u0142onkowska:<\/h2>\n<p>Roczna s\u0142adka cz\u0142onkowska wynosi 250 z\u0142<\/p>\n<p>Roczna sk\u0142adka cz\u0142onkowska dla os\u00f3b powy\u017cej 65 r. \u017c. wynosi 130 z\u0142<\/p>\n<p>Wp\u0142aty nale\u017cy dokonywa\u0107 do 31 grudnia roku poprzedniego na:<\/p>\n<p>nr konta: Bank PeKaO S.A. V\/O Lublin 17 1240 1503 1111 0000 1752 9358<\/p>\n<p>Informujemy, \u017ce Towarzystwo nie wystawia faktur za op\u0142acenie wpisowego oraz sk\u0142adek, gdy\u017c przynale\u017cno\u015b\u0107 do Towarzystwa jest dobrowolna. Sk\u0142adki cz\u0142onkowskie nie podlegaj\u0105 podatkowi VAT, przych\u00f3d ten nie stanowi obrotu w rozumieniu ustawy o VAT.<\/p>\n<p>[\/vc_column_text][\/vc_column_inner][\/vc_row_inner][\/vc_tta_section][\/vc_tta_tabs][\/vc_column][\/vc_row]<\/p>\n<\/div>","protected":false},"excerpt":{"rendered":"<p>[vc_row][vc_column][vc_empty_space height=&#8221;50px&#8221;][\/vc_column][\/vc_row][vc_row][vc_column][vc_tta_tabs style=&#8221;gp-3&#8243; shape=&#8221;square&#8221; alignment=&#8221;center&#8221; active_section=&#8221;1&#8243;][vc_tta_section title=&#8221;Korzy\u015bci&#8221; tab_id=&#8221;korzysci&#8221;][vc_row_inner][vc_column_inner css=&#8221;.vc_custom_1636184469856{padding-right: 4% !important;padding-left: 4% !important;}&#8221;][vc_empty_space][vc_column_text] Korzy\u015bci z cz\u0142onkostwa w PTO: Udzia\u0142 w wydarzeniach naukowych i dydaktycznych organizowanych przez PTO, Wp\u0142yw na kszta\u0142towanie polityki PTO\u00a0 (bierne i czynne prawo wyborcze, zgodnie ze Statutem Towarzystwa), Ni\u017csze op\u0142aty zjazdowe, konferencyjne, szkoleniowe na wydarzenia naukowe organizowane przez\u00a0 PTO Bezp\u0142atny dost\u0119p Online [&hellip;]<\/p>\n","protected":false},"author":1,"featured_media":0,"parent":0,"menu_order":0,"comment_status":"closed","ping_status":"closed","template":"","meta":{"_bbp_topic_count":0,"_bbp_reply_count":0,"_bbp_total_topic_count":0,"_bbp_total_reply_count":0,"_bbp_voice_count":0,"_bbp_anonymous_reply_count":0,"_bbp_topic_count_hidden":0,"_bbp_reply_count_hidden":0,"_bbp_forum_subforum_count":0,"footnotes":""},"categories":[],"tags":[],"class_list":["post-100000621","page","type-page","status-publish"],"_links":{"self":[{"href":"https:\/\/pto.navigare.net.pl\/index.php?rest_route=\/wp\/v2\/pages\/100000621","targetHints":{"allow":["GET"]}}],"collection":[{"href":"https:\/\/pto.navigare.net.pl\/index.php?rest_route=\/wp\/v2\/pages"}],"about":[{"href":"https:\/\/pto.navigare.net.pl\/index.php?rest_route=\/wp\/v2\/types\/page"}],"author":[{"embeddable":true,"href":"https:\/\/pto.navigare.net.pl\/index.php?rest_route=\/wp\/v2\/users\/1"}],"replies":[{"embeddable":true,"href":"https:\/\/pto.navigare.net.pl\/index.php?rest_route=%2Fwp%2Fv2%2Fcomments&post=100000621"}],"version-history":[{"count":28,"href":"https:\/\/pto.navigare.net.pl\/index.php?rest_route=\/wp\/v2\/pages\/100000621\/revisions"}],"predecessor-version":[{"id":100002078,"href":"https:\/\/pto.navigare.net.pl\/index.php?rest_route=\/wp\/v2\/pages\/100000621\/revisions\/100002078"}],"wp:attachment":[{"href":"https:\/\/pto.navigare.net.pl\/index.php?rest_route=%2Fwp%2Fv2%2Fmedia&parent=100000621"}],"wp:term":[{"taxonomy":"category","embeddable":true,"href":"https:\/\/pto.navigare.net.pl\/index.php?rest_route=%2Fwp%2Fv2%2Fcategories&post=100000621"},{"taxonomy":"post_tag","embeddable":true,"href":"https:\/\/pto.navigare.net.pl\/index.php?rest_route=%2Fwp%2Fv2%2Ftags&post=100000621"}],"curies":[{"name":"wp","href":"https:\/\/api.w.org\/{rel}","templated":true}]}}