{"id":100000613,"date":"2021-10-12T14:55:36","date_gmt":"2021-10-12T12:55:36","guid":{"rendered":"https:\/\/pto.navigare.net.pl\/?page_id=100000613"},"modified":"2024-06-04T19:03:36","modified_gmt":"2024-06-04T17:03:36","slug":"czlonkowie-honorowi","status":"publish","type":"page","link":"https:\/\/pto.navigare.net.pl\/?page_id=100000613","title":{"rendered":"Cz\u0142onkowie honorowi"},"content":{"rendered":"<div class=\"wpb-content-wrapper\"><p>[vc_row][vc_column][vc_custom_heading text=&#8221;Co roku Walne Zebraniu nadaje tytu\u0142 Honorowego Cz\u0142onka PTO&#8221; font_container=&#8221;tag:h3|font_size:16|text_align:left|color:%230151a0&#8243; use_theme_fonts=&#8221;yes&#8221;][vc_custom_heading text=&#8221;Wyr\u00f3\u017cnienie to otrzymali:&#8221; font_container=&#8221;tag:h3|font_size:16|text_align:left|color:%230151a0&#8243; use_theme_fonts=&#8221;yes&#8221;][vc_column_text bb_tab_container=&#8221;&#8221;]1997 Prof. Kazimierz Kobus, Prof. Agnieszka Pisulska-Otremba<br \/>\n1998 Prof. Milan Kam\u00ednek, Dr Marie \u0160tefkov\u00e1<br \/>\n1999 Prof. J\u00fcri Kurol<br \/>\n2000 Prof. Anna Komorowska<br \/>\n2001 Prof. Bj\u00f8rn Zachrisson<br \/>\n2002 Prof. Julia Harfin<br \/>\n2003 Prof. Birgit Thilander<br \/>\n2004 Prof. Nazan K\u00fc\u00e7\u00fckkele\u015f<br \/>\n2005 Prof. Vincent G. Kokich<br \/>\n2006 Prof. Maurits Persson, dr Tiziano Beaccetti<br \/>\n2007 Prof. Gra\u017cyna \u015amiech-S\u0142omkowska<br \/>\n2008 Dr n. med. Izabella Dunin-Wilczy\u0144ska<br \/>\n2009 Prof. Hyo-Sang Park<br \/>\n2010 Prof. Gunvor Semb<br \/>\n2012 Prof. Athanasios E. Athanasiou<br \/>\n2016 Prof. Rafi Nanda<br \/>\n2016 Prof. Ravindra\u00a0Nanda<br \/>\n2023 Dr Ivo Marek[\/vc_column_text][\/vc_column][\/vc_row]<\/p>\n<\/div>","protected":false},"excerpt":{"rendered":"<p>[vc_row][vc_column][vc_custom_heading text=&#8221;Co roku Walne Zebraniu nadaje tytu\u0142 Honorowego Cz\u0142onka PTO&#8221; font_container=&#8221;tag:h3|font_size:16|text_align:left|color:%230151a0&#8243; use_theme_fonts=&#8221;yes&#8221;][vc_custom_heading text=&#8221;Wyr\u00f3\u017cnienie to otrzymali:&#8221; font_container=&#8221;tag:h3|font_size:16|text_align:left|color:%230151a0&#8243; use_theme_fonts=&#8221;yes&#8221;][vc_column_text bb_tab_container=&#8221;&#8221;]1997 Prof. Kazimierz Kobus, Prof. Agnieszka Pisulska-Otremba 1998 Prof. Milan Kam\u00ednek, Dr Marie \u0160tefkov\u00e1 1999 Prof. J\u00fcri Kurol 2000 Prof. Anna Komorowska 2001 Prof. Bj\u00f8rn Zachrisson 2002 Prof. Julia Harfin 2003 Prof. Birgit Thilander 2004 Prof. Nazan K\u00fc\u00e7\u00fckkele\u015f [&hellip;]<\/p>\n","protected":false},"author":1,"featured_media":0,"parent":0,"menu_order":0,"comment_status":"closed","ping_status":"closed","template":"","meta":{"_bbp_topic_count":0,"_bbp_reply_count":0,"_bbp_total_topic_count":0,"_bbp_total_reply_count":0,"_bbp_voice_count":0,"_bbp_anonymous_reply_count":0,"_bbp_topic_count_hidden":0,"_bbp_reply_count_hidden":0,"_bbp_forum_subforum_count":0,"footnotes":""},"categories":[],"tags":[],"class_list":["post-100000613","page","type-page","status-publish"],"_links":{"self":[{"href":"https:\/\/pto.navigare.net.pl\/index.php?rest_route=\/wp\/v2\/pages\/100000613","targetHints":{"allow":["GET"]}}],"collection":[{"href":"https:\/\/pto.navigare.net.pl\/index.php?rest_route=\/wp\/v2\/pages"}],"about":[{"href":"https:\/\/pto.navigare.net.pl\/index.php?rest_route=\/wp\/v2\/types\/page"}],"author":[{"embeddable":true,"href":"https:\/\/pto.navigare.net.pl\/index.php?rest_route=\/wp\/v2\/users\/1"}],"replies":[{"embeddable":true,"href":"https:\/\/pto.navigare.net.pl\/index.php?rest_route=%2Fwp%2Fv2%2Fcomments&post=100000613"}],"version-history":[{"count":4,"href":"https:\/\/pto.navigare.net.pl\/index.php?rest_route=\/wp\/v2\/pages\/100000613\/revisions"}],"predecessor-version":[{"id":100001771,"href":"https:\/\/pto.navigare.net.pl\/index.php?rest_route=\/wp\/v2\/pages\/100000613\/revisions\/100001771"}],"wp:attachment":[{"href":"https:\/\/pto.navigare.net.pl\/index.php?rest_route=%2Fwp%2Fv2%2Fmedia&parent=100000613"}],"wp:term":[{"taxonomy":"category","embeddable":true,"href":"https:\/\/pto.navigare.net.pl\/index.php?rest_route=%2Fwp%2Fv2%2Fcategories&post=100000613"},{"taxonomy":"post_tag","embeddable":true,"href":"https:\/\/pto.navigare.net.pl\/index.php?rest_route=%2Fwp%2Fv2%2Ftags&post=100000613"}],"curies":[{"name":"wp","href":"https:\/\/api.w.org\/{rel}","templated":true}]}}