{"id":100000611,"date":"2021-10-12T14:55:19","date_gmt":"2021-10-12T12:55:19","guid":{"rendered":"https:\/\/pto.navigare.net.pl\/?page_id=100000611"},"modified":"2024-06-04T18:46:48","modified_gmt":"2024-06-04T16:46:48","slug":"komisje","status":"publish","type":"page","link":"https:\/\/pto.navigare.net.pl\/?page_id=100000611","title":{"rendered":"Komisje"},"content":{"rendered":"<div class=\"wpb-content-wrapper\"><p>[vc_row][vc_column width=&#8221;5\/6&#8243;][vc_tta_tour style=&#8221;gp-1&#8243; shape=&#8221;square&#8221; spacing=&#8221;15&#8243; gap=&#8221;35&#8243; controls_size=&#8221;md&#8221; active_section=&#8221;1&#8243;][vc_tta_section title=&#8221;KOMISJA DS. PRZECHOWYWANIA DOKUMENTACJI MEDYCZNEJ&#8221; tab_id=&#8221;1634634702288-2fccfbbc-ae6c&#8221;][vc_column_text]dr Beata Walawska<br \/>\ndr Sm\u00f3\u0142ka Piotr<br \/>\ndr Tarnawski Micha\u0142<br \/>\ndr Chojnowski Szymon[\/vc_column_text][\/vc_tta_section][vc_tta_section title=&#8221;KOMISJA REWIZYJNA&#8221; tab_id=&#8221;1634634702342-a02f2b94-7424&#8243;][vc_column_text bb_tab_container=&#8221;&#8221;]dr n. med. Edyta G\u0105siorowska<br \/>\ndr hab. Micha\u0142 Sarul<br \/>\ndr Magdalena \u0141oboda[\/vc_column_text][\/vc_tta_section][vc_tta_section title=&#8221;KOMISJA ETYCZNO-PRAWNA&#8221; tab_id=&#8221;1634634702399-1a8c9571-68f3&#8243;][vc_column_text]prof. dr hab. Ma\u0142gorzata Zadurska<br \/>\nprof. dr hab. Joanna Antoszewska-Smith<br \/>\ndr n. med. Izabella Dunin-Wilczy\u0144ska<br \/>\nlek. stom. Jolanta Sajkowska<br \/>\nlek. stom. Bo\u017cena W\u00f3jciak[\/vc_column_text][\/vc_tta_section][\/vc_tta_tour][\/vc_column][vc_column width=&#8221;1\/6&#8243;][\/vc_column][\/vc_row]<\/p>\n<\/div>","protected":false},"excerpt":{"rendered":"<p>[vc_row][vc_column width=&#8221;5\/6&#8243;][vc_tta_tour style=&#8221;gp-1&#8243; shape=&#8221;square&#8221; spacing=&#8221;15&#8243; gap=&#8221;35&#8243; controls_size=&#8221;md&#8221; active_section=&#8221;1&#8243;][vc_tta_section title=&#8221;KOMISJA DS. PRZECHOWYWANIA DOKUMENTACJI MEDYCZNEJ&#8221; tab_id=&#8221;1634634702288-2fccfbbc-ae6c&#8221;][vc_column_text]dr Beata Walawska dr Sm\u00f3\u0142ka Piotr dr Tarnawski Micha\u0142 dr Chojnowski Szymon[\/vc_column_text][\/vc_tta_section][vc_tta_section title=&#8221;KOMISJA REWIZYJNA&#8221; tab_id=&#8221;1634634702342-a02f2b94-7424&#8243;][vc_column_text bb_tab_container=&#8221;&#8221;]dr n. med. Edyta G\u0105siorowska dr hab. Micha\u0142 Sarul dr Magdalena \u0141oboda[\/vc_column_text][\/vc_tta_section][vc_tta_section title=&#8221;KOMISJA ETYCZNO-PRAWNA&#8221; tab_id=&#8221;1634634702399-1a8c9571-68f3&#8243;][vc_column_text]prof. dr hab. Ma\u0142gorzata Zadurska prof. dr hab. Joanna Antoszewska-Smith dr n. med. [&hellip;]<\/p>\n","protected":false},"author":1,"featured_media":0,"parent":0,"menu_order":0,"comment_status":"closed","ping_status":"closed","template":"","meta":{"_bbp_topic_count":0,"_bbp_reply_count":0,"_bbp_total_topic_count":0,"_bbp_total_reply_count":0,"_bbp_voice_count":0,"_bbp_anonymous_reply_count":0,"_bbp_topic_count_hidden":0,"_bbp_reply_count_hidden":0,"_bbp_forum_subforum_count":0,"footnotes":""},"categories":[],"tags":[],"class_list":["post-100000611","page","type-page","status-publish"],"_links":{"self":[{"href":"https:\/\/pto.navigare.net.pl\/index.php?rest_route=\/wp\/v2\/pages\/100000611","targetHints":{"allow":["GET"]}}],"collection":[{"href":"https:\/\/pto.navigare.net.pl\/index.php?rest_route=\/wp\/v2\/pages"}],"about":[{"href":"https:\/\/pto.navigare.net.pl\/index.php?rest_route=\/wp\/v2\/types\/page"}],"author":[{"embeddable":true,"href":"https:\/\/pto.navigare.net.pl\/index.php?rest_route=\/wp\/v2\/users\/1"}],"replies":[{"embeddable":true,"href":"https:\/\/pto.navigare.net.pl\/index.php?rest_route=%2Fwp%2Fv2%2Fcomments&post=100000611"}],"version-history":[{"count":5,"href":"https:\/\/pto.navigare.net.pl\/index.php?rest_route=\/wp\/v2\/pages\/100000611\/revisions"}],"predecessor-version":[{"id":100001765,"href":"https:\/\/pto.navigare.net.pl\/index.php?rest_route=\/wp\/v2\/pages\/100000611\/revisions\/100001765"}],"wp:attachment":[{"href":"https:\/\/pto.navigare.net.pl\/index.php?rest_route=%2Fwp%2Fv2%2Fmedia&parent=100000611"}],"wp:term":[{"taxonomy":"category","embeddable":true,"href":"https:\/\/pto.navigare.net.pl\/index.php?rest_route=%2Fwp%2Fv2%2Fcategories&post=100000611"},{"taxonomy":"post_tag","embeddable":true,"href":"https:\/\/pto.navigare.net.pl\/index.php?rest_route=%2Fwp%2Fv2%2Ftags&post=100000611"}],"curies":[{"name":"wp","href":"https:\/\/api.w.org\/{rel}","templated":true}]}}