{"id":100000607,"date":"2021-10-12T14:54:02","date_gmt":"2021-10-12T12:54:02","guid":{"rendered":"https:\/\/pto.navigare.net.pl\/?page_id=100000607"},"modified":"2025-06-09T16:16:26","modified_gmt":"2025-06-09T14:16:26","slug":"zarzad","status":"publish","type":"page","link":"https:\/\/pto.navigare.net.pl\/?page_id=100000607","title":{"rendered":"Zarz\u0105d Polskiego Towarzystwa Ortodontycznego"},"content":{"rendered":"<div class=\"wpb-content-wrapper\"><p>[vc_row][vc_column width=&#8221;5\/6&#8243;][vc_tta_tour style=&#8221;gp-1&#8243; shape=&#8221;square&#8221; spacing=&#8221;15&#8243; gap=&#8221;35&#8243; controls_size=&#8221;lg&#8221; active_section=&#8221;1&#8243; title=&#8221;ZARZ\u0104D&#8221;][vc_tta_section title=&#8221;PREZES&#8221; tab_id=&#8221;1511278870868-0c3b3a63-6f6a&#8221;][vc_single_image image=&#8221;100001752&#8243; img_size=&#8221;medium&#8221; style=&#8221;vc_box_rounded&#8221;][vc_column_text]<\/p>\n<h4 style=\"text-align: left;\">prof. dr hab. n. med. Ewa Czochrowska<\/h4>\n<p>[\/vc_column_text][\/vc_tta_section][vc_tta_section title=&#8221;VICE-PREZES&#8221; tab_id=&#8221;1511278740413-0fb03eb9-a415&#8243;][vc_single_image image=&#8221;100001578&#8243; img_size=&#8221;full&#8221; style=&#8221;vc_box_rounded&#8221;][vc_column_text]<\/p>\n<h4 style=\"text-align: left;\"><strong>prof. dr hab. Beata Kawala<\/strong><\/h4>\n<p>[\/vc_column_text][\/vc_tta_section][vc_tta_section title=&#8221;SKARBNIK&#8221; tab_id=&#8221;1511278906384-ab3ff1d3-776a&#8221;][vc_single_image image=&#8221;100001748&#8243; img_size=&#8221;full&#8221; style=&#8221;vc_box_rounded&#8221;][vc_column_text]<\/p>\n<h4 style=\"text-align: left;\"><strong>\u00a0dr n. med. Agnieszka Predko-Engel<\/strong><\/h4>\n<p>[\/vc_column_text][\/vc_tta_section][vc_tta_section title=&#8221;SEKRETARZ&#8221; tab_id=&#8221;1511278740393-a29da2db-5c3a&#8221;][vc_single_image image=&#8221;100001494&#8243; img_size=&#8221;medium&#8221; style=&#8221;vc_box_rounded&#8221;][vc_column_text]<\/p>\n<h4 style=\"text-align: left;\"><strong>dr n. med. Liwia Minch<\/strong><\/h4>\n<p>[\/vc_column_text][\/vc_tta_section][vc_tta_section title=&#8221;CZ\u0141ONEK&#8221; tab_id=&#8221;1634631594766-cf68c14c-87fe&#8221;][vc_single_image image=&#8221;100001492&#8243; img_size=&#8221;medium&#8221; style=&#8221;vc_box_rounded&#8221;][vc_column_text]<\/p>\n<h4 style=\"text-align: left;\"><strong>dr n. med. Beata\u00a0Walawska<\/strong><\/h4>\n<p>[\/vc_column_text][\/vc_tta_section][\/vc_tta_tour][\/vc_column][vc_column width=&#8221;1\/6&#8243;][\/vc_column][\/vc_row][vc_row el_id=&#8221;kola-regionalne&#8221;][vc_column][vc_empty_space height=&#8221;65px&#8221;][\/vc_column][\/vc_row][vc_row][vc_column width=&#8221;1\/2&#8243;][vc_separator][\/vc_column][vc_column width=&#8221;1\/2&#8243;][\/vc_column][\/vc_row][vc_row][vc_column width=&#8221;5\/6&#8243;][vc_tta_tour style=&#8221;gp-1&#8243; shape=&#8221;square&#8221; spacing=&#8221;15&#8243; gap=&#8221;35&#8243; controls_size=&#8221;lg&#8221; active_section=&#8221;&#8221; title=&#8221;REGIONALNE KO\u0141A PTO&#8221;][vc_tta_section title=&#8221;GDA\u0143SKIE&#8221; tab_id=&#8221;1634632279324-90e9610a-b98a&#8221;][vc_column_text]<\/p>\n<h3 class=\"vc_custom_heading\" style=\"text-align: left;\">Zarz\u0105d<\/h3>\n<div class=\"wpb_text_column wpb_content_element \" style=\"text-align: left;\">\n<div class=\"wpb_wrapper\">\n<p><strong>Przewodnicz\u0105ca:<\/strong>\u00a0dr n. med. Anna Urbaniak<br \/>\n<strong>Sekretarz: <\/strong>lek. stom. Aleksandra Ko\u0142odziejska<br \/>\n<strong>Skarbnik:<\/strong> &#8211; lek. stom.\u00a0 Aleksandra Przedpe\u0142ska<br \/>\n<strong>Cz\u0142onek:<\/strong>\u00a0dr n. med. Monika Sawicka<br \/>\n<strong>Cz\u0142onek:<\/strong>\u00a0dr n. med. Tomasz Czajkowski<\/p>\n<\/div>\n<\/div>\n<div class=\"wpb_text_column wpb_content_element \">\n<div class=\"wpb_wrapper\">\n<p style=\"text-align: left;\">\n<\/div>\n<\/div>\n<p>[\/vc_column_text][\/vc_tta_section][vc_tta_section title=&#8221;KRAKOWSKIE&#8221; tab_id=&#8221;1634632279354-6b175ef0-bede&#8221;][vc_column_text]<\/p>\n<h3 class=\"vc_custom_heading\">Zarz\u0105d<\/h3>\n<div class=\"wpb_text_column wpb_content_element \">\n<div class=\"wpb_wrapper\">\n<p><strong>Przewodnicz\u0105cy: <\/strong>dr n. med. Magdalena Mazurkiewicz-Janik<br \/>\n<strong>Skarbnik:<\/strong> dr n. med. Magdalena \u0141oboda<br \/>\n<strong>Sekretarz:<\/strong> dr hab. Maria Mitu\u015b-Kenig<br \/>\n<strong>Cz\u0142onek: <\/strong>dr n. med. Anna Noskowska<strong><br \/>\nCz\u0142onek: <\/strong>dr n. med. Agata Ni\u017cankowska-J\u0119drzejczyk<\/p>\n<\/div>\n<\/div>\n<p>[\/vc_column_text][\/vc_tta_section][vc_tta_section title=&#8221;LUBELSKIE&#8221; tab_id=&#8221;1634632279379-93a89767-1243&#8243;][vc_column_text]<\/p>\n<h3 class=\"vc_custom_heading\">Zarz\u0105d<\/h3>\n<div class=\"wpb_text_column wpb_content_element \">\n<div class=\"wpb_wrapper\">\n<p><strong>Przewodnicz\u0105ca:<\/strong>\u00a0dr n. med. Edyta G\u0105siorowska<br \/>\n<strong>Skarbnik:<\/strong>\u00a0lek. stom. Marzena Pucek<br \/>\n<strong>Sekretarz:<\/strong>\u00a0lek. stom.\u00a0 Magdalena Milart<br \/>\n<strong>Cz\u0142onek:\u00a0<\/strong>dr n. med. Zofia Cecherz<br \/>\n<strong>Cz\u0142onek:<\/strong>\u00a0dr n. med. Beata Walawska<\/p>\n<\/div>\n<\/div>\n<h3 class=\"vc_custom_heading\">Adres<\/h3>\n<div class=\"wpb_text_column wpb_content_element \">\n<div class=\"wpb_wrapper\">\n<p>ul. Karmelicka 7<br \/>\n20-081 Lublin<br \/>\ne-mail:\u00a0ptolublin@wp.pl<\/p>\n<\/div>\n<\/div>\n<p>[\/vc_column_text][\/vc_tta_section][vc_tta_section title=&#8221;\u0141\u00d3DZKIE&#8221; tab_id=&#8221;1634632279410-d33dafae-3939&#8243;][vc_column_text]<\/p>\n<h3 class=\"vc_custom_heading\">Zarz\u0105d<\/h3>\n<div class=\"wpb_text_column wpb_content_element \">\n<div class=\"wpb_wrapper\">\n<p><strong>Przewodnicz\u0105ca:<\/strong>\u00a0dr Joanna Jab\u0142o\u0144ska-Zrobek<strong><br \/>\nSkarbnik:<\/strong>\u00a0dr Agnieszka Szczech \u2013 Gawrych<br \/>\n<strong>Sekretarz:<\/strong>\u00a0dr Anna Sosna<\/p>\n<\/div>\n<\/div>\n<h3 class=\"vc_custom_heading\">Adres<\/h3>\n<div class=\"wpb_text_column wpb_content_element \">\n<div class=\"wpb_wrapper\">\n<p>\u0141\u00f3dzkie Ko\u0142o Regionalne<br \/>\nPolskiego Towarzystwa Ortodontycznego<br \/>\n93-219 \u0141\u00f3d\u017a, ul. Brzechwy 7a gab 51<br \/>\ne-mail: ptolodz@gmail.com<br \/>\ntel.: 661 306 885<\/p>\n<\/div>\n<\/div>\n<p>[\/vc_column_text][\/vc_tta_section][vc_tta_section title=&#8221;OPOLSKIE&#8221; tab_id=&#8221;1634632279438-37963f50-d8b7&#8243;][vc_column_text]<\/p>\n<h3 class=\"vc_custom_heading\">Zarz\u0105d<\/h3>\n<div class=\"wpb_text_column wpb_content_element \">\n<div class=\"wpb_wrapper\">\n<p><strong>Przewodnicz\u0105ca:<\/strong> dr Dagmara Miszczyk<br \/>\n<strong>Skarbnik:<\/strong> dr Kamil Osasiuk<br \/>\n<strong>Sekretarz:<\/strong>\u00a0dr Anna Adamska<br \/>\n<strong>Cz\u0142onek:<\/strong> dr n.med. Justyna Grzybowska-Substelna,<br \/>\n<strong>Cz\u0142onek: <\/strong>dr Jolanta Jarka<\/p>\n<\/div>\n<\/div>\n<h3 class=\"vc_custom_heading\">Adres<\/h3>\n<div class=\"wpb_text_column wpb_content_element \">\n<div class=\"wpb_wrapper\">\n<p>ul. Nysy \u0141u\u017cyckiej 9a,<br \/>\n45-034 Opole<br \/>\nTel\/fax: 0 77 423 43 35<\/p>\n<\/div>\n<\/div>\n<p>[\/vc_column_text][\/vc_tta_section][vc_tta_section title=&#8221;PODLASKIE&#8221; tab_id=&#8221;1634632279468-a4809d03-9af1&#8243;][vc_column_text]<\/p>\n<h3 class=\"vc_custom_heading\">Zarz\u0105d<\/h3>\n<div class=\"wpb_text_column wpb_content_element \">\n<div class=\"wpb_wrapper\">\n<p><strong>Przewodnicz\u0105ca:<\/strong>\u00a0dr n. med. Agnieszka Predko-Engel<br \/>\n<strong>Sekretarz:<\/strong>\u00a0dr n. med. Magdalena Kalinowska<br \/>\n<strong>Skarbnik:<\/strong>\u00a0dr n. med. Irena Grodzka<br \/>\n<strong>Cz\u0142onkowie:<\/strong><br \/>\ndr n. med. Beata Buga\u0142a-Musiatowicz<br \/>\ndr n. med. Joanna Kaczy\u0144ska<\/p>\n<\/div>\n<\/div>\n<h3 class=\"vc_custom_heading\">Adres<\/h3>\n<div class=\"wpb_text_column wpb_content_element \">\n<div class=\"wpb_wrapper\">\n<p>STOMATOLOGIA PREDKO-ENGEL<br \/>\nUl. J. Waszyngtona 32 lok 19<br \/>\n15-304 Bia\u0142ystok<br \/>\ne-mail:podlaskiepto@gmail.com<\/p>\n<\/div>\n<\/div>\n<p>[\/vc_column_text][\/vc_tta_section][vc_tta_section title=&#8221;SZCZECI\u0143SKIE&#8221; tab_id=&#8221;1634633583503-b20db065-3d97&#8243;][vc_column_text]<\/p>\n<h3 class=\"vc_custom_heading\">Zarz\u0105d<\/h3>\n<div class=\"wpb_text_column wpb_content_element \">\n<div class=\"wpb_wrapper\">\n<p><strong>Przewodnicz\u0105cy:<\/strong>\u00a0dr hab. Krzysztof Wo\u017aniak<br \/>\n<strong>Skarbnik:<\/strong>\u00a0dr Beata Ruci\u0144ska-Grygiel<br \/>\n<strong>Sekretarz:<\/strong>\u00a0dr Liliana Szyszka-Sommerfield<br \/>\n<strong>Cz\u0142onek Honorowy Ko\u0142a:<\/strong>\u00a0prof. dr hab. Maria Syry\u0144ska<\/p>\n<\/div>\n<\/div>\n<p>[\/vc_column_text][\/vc_tta_section][vc_tta_section title=&#8221;\u015aL\u0104SKIE&#8221; tab_id=&#8221;1634633640515-7d6b05a1-25fe&#8221;][vc_column_text]<\/p>\n<h3 class=\"vc_custom_heading\">Zarz\u0105d<\/h3>\n<div class=\"wpb_text_column wpb_content_element \">\n<div class=\"wpb_wrapper\">\n<p><strong>Przewodnicz\u0105ca: <\/strong>dr n. med. Ma\u0142gorzata Kuc-Michalska<strong><br \/>\nSekretarz: <\/strong>dr Agnieszka Galwas<br \/>\n<strong>Skarbnik: <\/strong>dr Urszula Rojek<br \/>\n<strong>Cz\u0142onek:<\/strong> dr Olga Krukowska-Drozd<br \/>\n<strong>Cz\u0142onek: <\/strong>dr n. med. Agnieszka Srebrzy\u0144ska<\/p>\n<\/div>\n<\/div>\n<h3 class=\"vc_custom_heading\">Adres<\/h3>\n<div class=\"wpb_text_column wpb_content_element \">\n<div class=\"wpb_wrapper\">\n<p>e-mail:\u00a0ptoslaskie@gmail.com<\/p>\n<\/div>\n<\/div>\n<p>[\/vc_column_text][\/vc_tta_section][vc_tta_section title=&#8221;WARMI\u0143SKO-MAZURSKIE&#8221; tab_id=&#8221;1634633663663-3bae6f8e-826f&#8221;][vc_column_text]<\/p>\n<h3 class=\"vc_custom_heading\">Zarz\u0105d<\/h3>\n<div class=\"wpb_text_column wpb_content_element \">\n<div class=\"wpb_wrapper\">\n<p><strong>Przewodnicz\u0105ca:<\/strong>\u00a0dr Jolanta Sajkowska<br \/>\n<strong>z-ca przewodnicz\u0105cej:<\/strong>\u00a0dr Katarzyna Mi\u015bk\u00f3w<br \/>\n<strong>Sekretarz:<\/strong>\u00a0dr Monika Jurczuk<br \/>\n<strong>Skarbnik:<\/strong>\u00a0dr Regina Pisow\u0142ocka<br \/>\n<strong>Cz\u0142onkowie:<\/strong><br \/>\ndr Urszula Kaczmarek-Miel\u0119cka<br \/>\ndr El\u017cbieta Lachowicz<\/p>\n<\/div>\n<\/div>\n<h3 class=\"vc_custom_heading\">Adres<\/h3>\n<div class=\"wpb_text_column wpb_content_element \">\n<div class=\"wpb_wrapper\">\n<p>W-M Regionalne Ko\u0142o Polskiego Towarzystwa Ortodontycznego<br \/>\n10-561 Olsztyn<br \/>\nul. \u017bo\u0142nierska 16 C<br \/>\ne-mail:\u00a0olsztyn.pto@gmail.com<\/p>\n<\/div>\n<\/div>\n<p>[\/vc_column_text][\/vc_tta_section][vc_tta_section title=&#8221;WARSZAWSKIE&#8221; tab_id=&#8221;1634633683832-83370af4-d2f0&#8243;][vc_column_text]<\/p>\n<h3 class=\"vc_custom_heading\">Zarz\u0105d<\/h3>\n<div class=\"wpb_text_column wpb_content_element \">\n<div class=\"wpb_wrapper\">\n<p><strong>Przewodnicz\u0105ca:<\/strong>\u00a0dr n. med. Magdalena Marczy\u0144ska-Stolarek<br \/>\n<strong>Skarbnik:\u00a0<\/strong>dr n. med. Konrad Perkowski<br \/>\n<strong>Sekretarz:<\/strong>\u00a0lek. stom. Barbara Wyszomirska-Zdybel<\/p>\n<\/div>\n<\/div>\n<h3 class=\"vc_custom_heading\">Adres<\/h3>\n<div class=\"wpb_text_column wpb_content_element \">\n<div class=\"wpb_wrapper\">\n<p>ul Jagiello\u0144ska 66<br \/>\n03-468 Warszawa<br \/>\nTel: 0 22 619 86 81<br \/>\nFax: 0 22 618 55 08<br \/>\nwarszawa.pto@gmail.com<\/p>\n<\/div>\n<\/div>\n<p>[\/vc_column_text][\/vc_tta_section][vc_tta_section title=&#8221;WIELKOPOLSKIE&#8221; tab_id=&#8221;1749478527938-aaad1737-d9c7&#8243; bb_tab_container=&#8221;&#8221;][vc_column_text bb_tab_container=&#8221;&#8221;]<\/p>\n<h3 class=\"vc_custom_heading\">Zarz\u0105d<\/h3>\n<div class=\"wpb_text_column wpb_content_element \">\n<div class=\"wpb_wrapper\">\n<p><strong>Przewodnicz\u0105ca:<\/strong>\u00a0Dr Joanna Jasku\u0142a-Przybylska<br \/>\n<strong>Sekretarz:<\/strong>\u00a0Dr Ewa Wojty\u015b-Leszczy\u0144ska<br \/>\nSkarbnik:Dr n. med. Agnieszka Bogdanowicz<br \/>\n<strong>Cz\u0142onek Zarz\u0105du:<\/strong> Dr hab. n. med. Barbara Biedziak<br \/>\n<strong>Cz\u0142onek Zarz\u0105du:<\/strong> Dr Bartosz Kowalski<\/p>\n<\/div>\n<\/div>\n<p>[\/vc_column_text][\/vc_tta_section][vc_tta_section title=&#8221;WROC\u0141AWSKIE&#8221; tab_id=&#8221;1634633711017-22e4d82c-41c0&#8243;][vc_column_text]<\/p>\n<h3 class=\"vc_custom_heading\">Zarz\u0105d<\/h3>\n<div class=\"wpb_text_column wpb_content_element \">\n<div class=\"wpb_wrapper\">\n<p><strong>Przewodnicz\u0105cy Ko\u0142a:<\/strong>\u00a0dr n. med. Liwia Minch<br \/>\n<strong>Sekretarz:<\/strong>\u00a0dr n. med. Patrycja Downarowicz<br \/>\n<strong>Skarbnik:<\/strong>\u00a0dr n. med. Jan \u0141yczek<br \/>\n<strong>Cz\u0142onek Zarz\u0105du:<\/strong>\u00a0lek. dent. Karina Kustrzycka<\/p>\n<\/div>\n<\/div>\n<h3 class=\"vc_custom_heading\">Adres<\/h3>\n<div class=\"wpb_text_column wpb_content_element \">\n<div class=\"wpb_wrapper\">\n<p>O\u0142taszy\u0144ska 37<br \/>\n53-010, Wroc\u0142aw<br \/>\ne-mail: pto.wroclaw@tlen.pl<\/p>\n<\/div>\n<\/div>\n<p>[\/vc_column_text][\/vc_tta_section][\/vc_tta_tour][\/vc_column][vc_column width=&#8221;1\/6&#8243;][\/vc_column][\/vc_row]<\/p>\n<\/div>","protected":false},"excerpt":{"rendered":"<p>[vc_row][vc_column width=&#8221;5\/6&#8243;][vc_tta_tour style=&#8221;gp-1&#8243; shape=&#8221;square&#8221; spacing=&#8221;15&#8243; gap=&#8221;35&#8243; controls_size=&#8221;lg&#8221; active_section=&#8221;1&#8243; title=&#8221;ZARZ\u0104D&#8221;][vc_tta_section title=&#8221;PREZES&#8221; tab_id=&#8221;1511278870868-0c3b3a63-6f6a&#8221;][vc_single_image image=&#8221;100001752&#8243; img_size=&#8221;medium&#8221; style=&#8221;vc_box_rounded&#8221;][vc_column_text] prof. dr hab. n. med. Ewa Czochrowska [\/vc_column_text][\/vc_tta_section][vc_tta_section title=&#8221;VICE-PREZES&#8221; tab_id=&#8221;1511278740413-0fb03eb9-a415&#8243;][vc_single_image image=&#8221;100001578&#8243; img_size=&#8221;full&#8221; style=&#8221;vc_box_rounded&#8221;][vc_column_text] prof. dr hab. Beata Kawala [\/vc_column_text][\/vc_tta_section][vc_tta_section title=&#8221;SKARBNIK&#8221; tab_id=&#8221;1511278906384-ab3ff1d3-776a&#8221;][vc_single_image image=&#8221;100001748&#8243; img_size=&#8221;full&#8221; style=&#8221;vc_box_rounded&#8221;][vc_column_text] \u00a0dr n. med. Agnieszka Predko-Engel [\/vc_column_text][\/vc_tta_section][vc_tta_section title=&#8221;SEKRETARZ&#8221; tab_id=&#8221;1511278740393-a29da2db-5c3a&#8221;][vc_single_image image=&#8221;100001494&#8243; img_size=&#8221;medium&#8221; style=&#8221;vc_box_rounded&#8221;][vc_column_text] dr n. med. Liwia Minch [\/vc_column_text][\/vc_tta_section][vc_tta_section [&hellip;]<\/p>\n","protected":false},"author":1,"featured_media":0,"parent":0,"menu_order":0,"comment_status":"closed","ping_status":"closed","template":"","meta":{"_bbp_topic_count":0,"_bbp_reply_count":0,"_bbp_total_topic_count":0,"_bbp_total_reply_count":0,"_bbp_voice_count":0,"_bbp_anonymous_reply_count":0,"_bbp_topic_count_hidden":0,"_bbp_reply_count_hidden":0,"_bbp_forum_subforum_count":0,"footnotes":""},"categories":[],"tags":[],"class_list":["post-100000607","page","type-page","status-publish"],"_links":{"self":[{"href":"https:\/\/pto.navigare.net.pl\/index.php?rest_route=\/wp\/v2\/pages\/100000607","targetHints":{"allow":["GET"]}}],"collection":[{"href":"https:\/\/pto.navigare.net.pl\/index.php?rest_route=\/wp\/v2\/pages"}],"about":[{"href":"https:\/\/pto.navigare.net.pl\/index.php?rest_route=\/wp\/v2\/types\/page"}],"author":[{"embeddable":true,"href":"https:\/\/pto.navigare.net.pl\/index.php?rest_route=\/wp\/v2\/users\/1"}],"replies":[{"embeddable":true,"href":"https:\/\/pto.navigare.net.pl\/index.php?rest_route=%2Fwp%2Fv2%2Fcomments&post=100000607"}],"version-history":[{"count":38,"href":"https:\/\/pto.navigare.net.pl\/index.php?rest_route=\/wp\/v2\/pages\/100000607\/revisions"}],"predecessor-version":[{"id":100002251,"href":"https:\/\/pto.navigare.net.pl\/index.php?rest_route=\/wp\/v2\/pages\/100000607\/revisions\/100002251"}],"wp:attachment":[{"href":"https:\/\/pto.navigare.net.pl\/index.php?rest_route=%2Fwp%2Fv2%2Fmedia&parent=100000607"}],"wp:term":[{"taxonomy":"category","embeddable":true,"href":"https:\/\/pto.navigare.net.pl\/index.php?rest_route=%2Fwp%2Fv2%2Fcategories&post=100000607"},{"taxonomy":"post_tag","embeddable":true,"href":"https:\/\/pto.navigare.net.pl\/index.php?rest_route=%2Fwp%2Fv2%2Ftags&post=100000607"}],"curies":[{"name":"wp","href":"https:\/\/api.w.org\/{rel}","templated":true}]}}