{"id":100000600,"date":"2021-10-12T14:52:56","date_gmt":"2021-10-12T12:52:56","guid":{"rendered":"https:\/\/pto.navigare.net.pl\/?page_id=100000600"},"modified":"2024-06-05T09:35:39","modified_gmt":"2024-06-05T07:35:39","slug":"cele","status":"publish","type":"page","link":"https:\/\/pto.navigare.net.pl\/?page_id=100000600","title":{"rendered":"Cele"},"content":{"rendered":"<div class=\"wpb-content-wrapper\"><p>[vc_row][vc_column][vc_custom_heading text=&#8221;Celem Towarzystwa jest rozwijanie nauki, podnoszenie poziomu lecznictwa w zakresie ortodoncji oraz integracja \u015brodowiska ortodontycznego.&#8221; font_container=&#8221;tag:h3|font_size:16|text_align:left|color:%230151a0&#8243; use_theme_fonts=&#8221;yes&#8221;][vc_column_text bb_tab_container=&#8221;&#8221;]Towarzystwo realizuje swoje cele poprzez:<\/p>\n<ol>\n<li>Rozpowszechnianie informacji naukowych przez organizowanie corocznych krajowych zjazd\u00f3w lub kurs\u00f3w ortodontycznych i dzia\u0142alno\u015b\u0107 wydawnicz\u0105 i informacyjn\u0105.<\/li>\n<li>Wspieranie bada\u0144 naukowych w zakresie ortodoncji, m.in. w postaci nagr\u00f3d i grant\u00f3w Towarzystwa.<\/li>\n<li>Przyczynianie si\u0119 do podnoszenia poziomu szkolenia specjalistycznego i rangi specjalizacji w zakresie ortodoncji, m.in. w postaci opiniowania programu specjalizacji, zatwierdzania wpisu na europejsk\u0105 list\u0119 specjalist\u00f3w ortodont\u00f3w oraz wydawanie opinii w sprawach o odebranie uprawnie\u0144 specjalisty.<\/li>\n<li>Udzielanie pomocy i poparcia Ko\u0142om Regionalnym Towarzystwa.<\/li>\n<li>Nawi\u0105zywanie kontakt\u00f3w i wsp\u00f3\u0142pracy z zagranicznymi towarzystwami naukowymi.<\/li>\n<li>Reprezentowanie spraw cz\u0142onk\u00f3w PTO wobec w\u0142adz resortowych i samorz\u0105d\u00f3w\u00a0lekarskich.<\/li>\n<\/ol>\n<p>[\/vc_column_text][\/vc_column][vc_column][\/vc_column][\/vc_row]<\/p>\n<\/div>","protected":false},"excerpt":{"rendered":"<p>[vc_row][vc_column][vc_custom_heading text=&#8221;Celem Towarzystwa jest rozwijanie nauki, podnoszenie poziomu lecznictwa w zakresie ortodoncji oraz integracja \u015brodowiska ortodontycznego.&#8221; font_container=&#8221;tag:h3|font_size:16|text_align:left|color:%230151a0&#8243; use_theme_fonts=&#8221;yes&#8221;][vc_column_text bb_tab_container=&#8221;&#8221;]Towarzystwo realizuje swoje cele poprzez: Rozpowszechnianie informacji naukowych przez organizowanie corocznych krajowych zjazd\u00f3w lub kurs\u00f3w ortodontycznych i dzia\u0142alno\u015b\u0107 wydawnicz\u0105 i informacyjn\u0105. Wspieranie bada\u0144 naukowych w zakresie ortodoncji, m.in. w postaci nagr\u00f3d i grant\u00f3w Towarzystwa. Przyczynianie si\u0119 do [&hellip;]<\/p>\n","protected":false},"author":1,"featured_media":0,"parent":0,"menu_order":0,"comment_status":"closed","ping_status":"closed","template":"","meta":{"_bbp_topic_count":0,"_bbp_reply_count":0,"_bbp_total_topic_count":0,"_bbp_total_reply_count":0,"_bbp_voice_count":0,"_bbp_anonymous_reply_count":0,"_bbp_topic_count_hidden":0,"_bbp_reply_count_hidden":0,"_bbp_forum_subforum_count":0,"footnotes":""},"categories":[],"tags":[],"class_list":["post-100000600","page","type-page","status-publish"],"_links":{"self":[{"href":"https:\/\/pto.navigare.net.pl\/index.php?rest_route=\/wp\/v2\/pages\/100000600","targetHints":{"allow":["GET"]}}],"collection":[{"href":"https:\/\/pto.navigare.net.pl\/index.php?rest_route=\/wp\/v2\/pages"}],"about":[{"href":"https:\/\/pto.navigare.net.pl\/index.php?rest_route=\/wp\/v2\/types\/page"}],"author":[{"embeddable":true,"href":"https:\/\/pto.navigare.net.pl\/index.php?rest_route=\/wp\/v2\/users\/1"}],"replies":[{"embeddable":true,"href":"https:\/\/pto.navigare.net.pl\/index.php?rest_route=%2Fwp%2Fv2%2Fcomments&post=100000600"}],"version-history":[{"count":9,"href":"https:\/\/pto.navigare.net.pl\/index.php?rest_route=\/wp\/v2\/pages\/100000600\/revisions"}],"predecessor-version":[{"id":100001775,"href":"https:\/\/pto.navigare.net.pl\/index.php?rest_route=\/wp\/v2\/pages\/100000600\/revisions\/100001775"}],"wp:attachment":[{"href":"https:\/\/pto.navigare.net.pl\/index.php?rest_route=%2Fwp%2Fv2%2Fmedia&parent=100000600"}],"wp:term":[{"taxonomy":"category","embeddable":true,"href":"https:\/\/pto.navigare.net.pl\/index.php?rest_route=%2Fwp%2Fv2%2Fcategories&post=100000600"},{"taxonomy":"post_tag","embeddable":true,"href":"https:\/\/pto.navigare.net.pl\/index.php?rest_route=%2Fwp%2Fv2%2Ftags&post=100000600"}],"curies":[{"name":"wp","href":"https:\/\/api.w.org\/{rel}","templated":true}]}}