{"id":100000434,"date":"2021-09-20T14:18:32","date_gmt":"2021-09-20T12:18:32","guid":{"rendered":"https:\/\/pto.navigare.net.pl\/?page_id=100000434"},"modified":"2024-11-15T19:46:29","modified_gmt":"2024-11-15T18:46:29","slug":"glowna-test-3merle","status":"publish","type":"page","link":"https:\/\/pto.navigare.net.pl\/","title":{"rendered":"G\u0142\u00f3wna test 3merle"},"content":{"rendered":"<div class=\"wpb-content-wrapper\"><p>[vc_row full_width=&#8221;stretch_row_content&#8221; equal_height=&#8221;yes&#8221; css_animation=&#8221;fadeIn&#8221; background_position=&#8221;right center&#8221; animated_bg=&#8221;true&#8221; animated_bg_type=&#8221;gp-scrolling-image&#8221; gradient_style=&#8221;custom-gradient&#8221; gradient_bg=&#8221;true&#8221; css=&#8221;.vc_custom_1731696195962{background-image: url(http:\/\/pto.navigare.net.pl\/wp-content\/uploads\/PTO_zdjecie-glowne.jpg?id=100002058) !important;background-position: center !important;background-repeat: no-repeat !important;background-size: cover !important;}&#8221; smallbbresponsive=&#8221;.bb_custom_1731696195966{padding-right:50px!important;padding-left:50px!important;}&#8221; x_smallbbresponsive=&#8221;.bb_custom_1731696195966{padding-right:1px!important;padding-left:1px!important;}&#8221; custom_gradient_css=&#8221;\/* Permalink &#8211; use to edit and share this gradient: https:\/\/colorzilla.com\/gradient-editor\/#000000+0,000000+100&amp;0.65+0,0+100;Neutral+Density *\/<br \/>\nbackground: -moz-linear-gradient(left, rgba(0,0,0,0.65) 0%, rgba(0,0,0,0) 100%); \/* FF3.6-15 *\/<br \/>\nbackground: -webkit-linear-gradient(left, rgba(0,0,0,0.65) 0%,rgba(0,0,0,0) 100%); \/* Chrome10-25,Safari5.1-6 *\/<br \/>\nbackground: linear-gradient(to right, rgba(0,0,0,0.65) 0%,rgba(0,0,0,0) 100%); \/* W3C, IE10+, FF16+, Chrome26+, Opera12+, Safari7+ *\/<br \/>\nfilter: progid:DXImageTransform.Microsoft.gradient( startColorstr=&#8217;#a6000000&#8242;, endColorstr=&#8217;#00000000&#8242;,GradientType=1 ); \/* IE6-9 *\/&#8221;][vc_column css_animation=&#8221;none&#8221; background_position=&#8221;right center&#8221; css=&#8221;.vc_custom_1632140659937{padding-top: 0px !important;padding-left: 45px !important;background-position: center !important;background-repeat: no-repeat !important;background-size: contain !important;}&#8221; x_largebbresponsive=&#8221;.bb_custom_1632140659938{padding-top:80px!important;padding-bottom:80px!important;}&#8221; smallbbresponsive=&#8221;.bb_custom_1632140659941{padding-top:40px!important;padding-bottom:40px!important;background-image:url(http:\/\/pto.navigare.net.pl\/wp-content\/uploads\/2017\/12\/blank.gif)!important;}&#8221; mediumbbresponsive=&#8221;.bb_custom_1632140659940{background-image:url(http:\/\/pto.navigare.net.pl\/wp-content\/uploads\/2017\/12\/blank.gif)!important;}&#8221;][vc_empty_space][vc_custom_heading text=&#8221;Witamy na stronie&#8221; font_container=&#8221;tag:div|font_size:40px|text_align:left|color:%23ffffff|line_height:40px&#8221; google_fonts=&#8221;font_family:Montserrat%3Aregular%2C700|font_style:400%20regular%3A400%3Anormal&#8221; css_animation=&#8221;none&#8221; x_largebbresponsive=&#8221;.bb_custom_1631813709795{margin-bottom:5px!important;font-size:40px!important;line-height:40px!important;letter-spacing:-1px!important;}&#8221;][vc_custom_heading text=&#8221;Polskiego<br \/>\nTowarzystwa<br \/>\nOrtodontycznego&#8221; font_container=&#8221;tag:div|font_size:60px|text_align:left|color:%23ffffff|line_height:72px&#8221; google_fonts=&#8221;font_family:Montserrat%3Aregular%2C700|font_style:700%20bold%20regular%3A700%3Anormal&#8221; css_animation=&#8221;none&#8221; smallbbresponsive=&#8221;.bb_custom_1686038604890{color:#ffffff!important;font-size:42px!important;line-height:42px!important;}&#8221; x_largebbresponsive=&#8221;.bb_custom_1686038604890{margin-bottom:30px!important;margin-left:20px!important;}&#8221;][vc_custom_heading text=&#8221;Od ponad 25 lat rozwijamy nauk\u0119, podnosimy poziom lecznictwa w zakresie<br \/>\nortodoncji oraz integrujemy \u015brodowisko ortodontyczne&#8221; font_container=&#8221;tag:p|font_size:18px|text_align:left|color:%23ffffff|line_height:24px&#8221; use_theme_fonts=&#8221;yes&#8221; css_animation=&#8221;none&#8221; x_largebbresponsive=&#8221;.bb_custom_1717582313323{font-weight:400!important;}&#8221;][vc_empty_space][vc_btn title=&#8221;Do\u0142\u0105cz do nas&#8221; style=&#8221;gradient-custom&#8221; gradient_custom_color_1=&#8221;#1d55a4&#8243; gradient_custom_color_2=&#8221;#1d55a4&#8243; size=&#8221;lg&#8221; align=&#8221;left&#8221; css=&#8221;.vc_custom_1643609508531{margin-top: 30px !important;margin-bottom: 0px !important;}&#8221; x_largebbresponsive=&#8221;.bb_custom_1643609508534{font-size:18px!important;line-height:1!important;}&#8221; link=&#8221;url:https%3A%2F%2Fpto.navigare.net.pl%2Fdolacz-do-pto%2F%23jak-zostac-czlonkiem-pto&#8221; smallbbresponsive=&#8221;.bb_custom_1643609508539{text-align:center!important;}&#8221;][vc_empty_space][\/vc_column][vc_column][\/vc_column][\/vc_row][vc_row full_width=&#8221;stretch_row&#8221; css=&#8221;.vc_custom_1685973074317{padding-top: 80px !important;padding-bottom: 80px !important;background-color: #f4f4f4 !important;}&#8221; el_id=&#8221;membership-levels&#8221;][vc_column css=&#8221;.vc_custom_1506677824556{padding-top: 0px !important;padding-bottom: 0px !important;}&#8221;][vc_custom_heading text=&#8221;Kim jeste\u015bmy?&#8221; font_container=&#8221;tag:div|font_size:40px|text_align:center|color:%23232323|line_height:40px&#8221; google_fonts=&#8221;font_family:Montserrat%3Aregular%2C700|font_style:400%20regular%3A400%3Anormal&#8221; x_largebbresponsive=&#8221;.bb_custom_1686038624865{letter-spacing:-1px!important;}&#8221; css=&#8221;.vc_custom_1686038624865{margin-bottom: 10px !important;}&#8221;][vc_custom_heading text=&#8221;Polskie Towarzystwo Ortodontyczne to powsta\u0142a w 1996 r. samodzielna i niezale\u017cna organizacja, kt\u00f3ra zrzesza specjalist\u00f3w ortodont\u00f3w, lekarzy kszta\u0142c\u0105cych si\u0119 w tej dziedzinie oraz zainteresowanych ortodoncj\u0105.&#8221; font_container=&#8221;tag:div|text_align:center|color:%23999999&#8243; google_fonts=&#8221;font_family:Open%20Sans%3A300%2C300italic%2Cregular%2Citalic%2C600%2C600italic%2C700%2C700italic%2C800%2C800italic|font_style:400%20regular%3A400%3Anormal&#8221; css=&#8221;.vc_custom_1686038637091{margin-bottom: 40px !important;}&#8221; x_largebbresponsive=&#8221;.bb_custom_1686038637091{padding-right:140px!important;padding-left:140px!important;font-size:20px!important;line-height:30px!important;font-weight:400!important;}&#8221; mediumbbresponsive=&#8221;.bb_custom_1686038637092{padding-right:0px!important;padding-left:0px!important;}&#8221;][vc_btn title=&#8221;Dowiedz si\u0119 wi\u0119cej&#8221; style=&#8221;gradient-custom&#8221; gradient_custom_color_1=&#8221;#1d55a4&#8243; gradient_custom_color_2=&#8221;#1d55a4&#8243; size=&#8221;lg&#8221; align=&#8221;center&#8221; css=&#8221;.vc_custom_1632252220413{margin-top: 30px !important;margin-bottom: 0px !important;}&#8221; x_largebbresponsive=&#8221;.bb_custom_1632252220415{font-size:18px!important;line-height:1!important;}&#8221; link=&#8221;url:https%3A%2F%2Fpto.navigare.net.pl%2Fhistoria%2F&#8221; el_class=&#8221;gp-scroll-to-link&#8221; smallbbresponsive=&#8221;.bb_custom_1632252220419{text-align:center!important;}&#8221;][\/vc_column][\/vc_row][vc_row css=&#8221;.vc_custom_1632212008383{padding-top: 64px !important;padding-bottom: 64px !important;}&#8221;][vc_column][vc_basic_grid post_type=&#8221;page&#8221; max_items=&#8221;4&#8243; element_width=&#8221;3&#8243; item=&#8221;100000473&#8243; initial_loading_animation=&#8221;fadeInUp&#8221; grid_id=&#8221;vc_gid:1731696203000-90fc068b-4c51-7&#8243; taxonomies=&#8221;47&#8243;][\/vc_column][\/vc_row][vc_row full_width=&#8221;stretch_row_content&#8221; equal_height=&#8221;yes&#8221; css_animation=&#8221;fadeIn&#8221; animated_bg=&#8221;true&#8221; animated_bg_type=&#8221;gp-scrolling-image&#8221; gradient_style=&#8221;custom-gradient&#8221; gradient_bg=&#8221;true&#8221; css=&#8221;.vc_custom_1731696386249{background-image: url(http:\/\/pto.navigare.net.pl\/wp-content\/uploads\/Jak-zostac-czlonkiem-PTO.jpg?id=100002061) !important;background-position: center !important;background-repeat: no-repeat !important;background-size: cover !important;}&#8221; smallbbresponsive=&#8221;.bb_custom_1731696386254{padding-right:50px!important;padding-left:50px!important;}&#8221; x_smallbbresponsive=&#8221;.bb_custom_1731696386254{padding-right:1px!important;padding-left:1px!important;}&#8221; custom_gradient_css=&#8221;\/* Permalink &#8211; use to edit and share this gradient: https:\/\/colorzilla.com\/gradient-editor\/#000000+0,000000+100&amp;0.65+0,0+100;Neutral+Density *\/<br \/>\nbackground: -moz-linear-gradient(left, rgba(0,0,0,0.65) 0%, rgba(0,0,0,0) 100%); \/* FF3.6-15 *\/<br \/>\nbackground: -webkit-linear-gradient(left, rgba(0,0,0,0.65) 0%,rgba(0,0,0,0) 100%); \/* Chrome10-25,Safari5.1-6 *\/<br \/>\nbackground: linear-gradient(to right, rgba(0,0,0,0.65) 0%,rgba(0,0,0,0) 100%); \/* W3C, IE10+, FF16+, Chrome26+, Opera12+, Safari7+ *\/<br \/>\nfilter: progid:DXImageTransform.Microsoft.gradient( startColorstr=&#8217;#a6000000&#8242;, endColorstr=&#8217;#00000000&#8242;,GradientType=1 ); \/* IE6-9 *\/&#8221; bb_tab_container=&#8221;&#8221;][vc_column css_animation=&#8221;none&#8221; background_position=&#8221;right center&#8221; css=&#8221;.vc_custom_1632141272209{padding-top: 0px !important;padding-left: 45px !important;background-position: center !important;background-repeat: no-repeat !important;background-size: contain !important;}&#8221; x_largebbresponsive=&#8221;.bb_custom_1632141272211{padding-top:80px!important;padding-bottom:80px!important;}&#8221; smallbbresponsive=&#8221;.bb_custom_1632141272213{padding-top:40px!important;padding-bottom:40px!important;background-image:url(http:\/\/pto.navigare.net.pl\/wp-content\/uploads\/2017\/12\/blank.gif)!important;}&#8221; mediumbbresponsive=&#8221;.bb_custom_1632141272213{background-image:url(http:\/\/pto.navigare.net.pl\/wp-content\/uploads\/2017\/12\/blank.gif)!important;}&#8221;][vc_empty_space][vc_custom_heading text=&#8221;Do\u0142\u0105cz do nas!&#8221; font_container=&#8221;tag:div|font_size:40px|text_align:left|color:%23ffffff|line_height:40px&#8221; google_fonts=&#8221;font_family:Montserrat%3Aregular%2C700|font_style:400%20regular%3A400%3Anormal&#8221; css_animation=&#8221;none&#8221; x_largebbresponsive=&#8221;.bb_custom_1632051657259{margin-bottom:5px!important;font-size:40px!important;line-height:40px!important;letter-spacing:-1px!important;}&#8221;][vc_custom_heading text=&#8221;Jak zosta\u0107 cz\u0142onkiem<br \/>\nTowarzystwa?&#8221; font_container=&#8221;tag:div|font_size:60px|text_align:left|color:%23ffffff|line_height:60px&#8221; google_fonts=&#8221;font_family:Montserrat%3Aregular%2C700|font_style:700%20bold%20regular%3A700%3Anormal&#8221; css_animation=&#8221;none&#8221; smallbbresponsive=&#8221;.bb_custom_1634726373811{color:#ffffff!important;font-size:42px!important;line-height:42px!important;}&#8221; x_largebbresponsive=&#8221;.bb_custom_1634726373809{margin-bottom:30px!important;margin-left:20px!important;letter-spacing:-1px!important;}&#8221;][vc_empty_space][vc_btn title=&#8221;Zarejestruj si\u0119&#8221; style=&#8221;gradient-custom&#8221; gradient_custom_color_1=&#8221;#1d55a4&#8243; gradient_custom_color_2=&#8221;#1d55a4&#8243; size=&#8221;lg&#8221; align=&#8221;left&#8221; css=&#8221;.vc_custom_1668964259287{margin-top: 30px !important;margin-bottom: 0px !important;}&#8221; x_largebbresponsive=&#8221;.bb_custom_1668964259287{font-size:18px!important;line-height:1!important;}&#8221; link=&#8221;url:https%3A%2F%2Fpto.navigare.net.pl%2Fdolacz-do-pto%2F&#8221; el_class=&#8221;gp-scroll-to-link&#8221; smallbbresponsive=&#8221;.bb_custom_1668964259289{text-align:center!important;}&#8221;][vc_empty_space][\/vc_column][\/vc_row][vc_row full_width=&#8221;stretch_row_content&#8221; animated_bg=&#8221;true&#8221; animated_bg_type=&#8221;gp-static-gradient&#8221; gradient_style=&#8221;custom-gradient&#8221; css=&#8221;.vc_custom_1632142356265{background-image: url(http:\/\/pto.navigare.net.pl\/wp-content\/uploads\/2021\/09\/smartmockups_ktq2cpwf-scaled.jpg?id=100000189) !important;background-position: center !important;background-repeat: no-repeat !important;background-size: cover !important;}&#8221; custom_gradient_css=&#8221;\/* Permalink &#8211; use to edit and share this gradient: https:\/\/colorzilla.com\/gradient-editor\/#000000+0,000000+100&amp;0+0,0.65+72 *\/<br \/>\nbackground: -moz-linear-gradient(left, rgba(0,0,0,0) 0%, rgba(0,0,0,0.65) 72%, rgba(0,0,0,0.65) 100%); \/* FF3.6-15 *\/<br \/>\nbackground: -webkit-linear-gradient(left, rgba(0,0,0,0) 0%,rgba(0,0,0,0.65) 72%,rgba(0,0,0,0.65) 100%); \/* Chrome10-25,Safari5.1-6 *\/<br \/>\nbackground: linear-gradient(to right, rgba(0,0,0,0) 0%,rgba(0,0,0,0.65) 72%,rgba(0,0,0,0.65) 100%); \/* W3C, IE10+, FF16+, Chrome26+, Opera12+, Safari7+ *\/<br \/>\nfilter: progid:DXImageTransform.Microsoft.gradient( startColorstr=&#8217;#00000000&#8242;, endColorstr=&#8217;#a6000000&#8242;,GradientType=1 ); \/* IE6-9 *\/&#8221;][vc_column][vc_row_inner][vc_column_inner width=&#8221;2\/3&#8243;][\/vc_column_inner][vc_column_inner width=&#8221;1\/3&#8243;][vc_empty_space height=&#8221;64px&#8221;][vc_custom_heading text=&#8221;Forum Ortodontyczne&#8221; font_container=&#8221;tag:div|font_size:40px|text_align:left|color:%23ffffff|line_height:40px&#8221; google_fonts=&#8221;font_family:Montserrat%3Aregular%2C700|font_style:700%20bold%20regular%3A700%3Anormal&#8221; css_animation=&#8221;none&#8221; smallbbresponsive=&#8221;.bb_custom_1632141417864{color:#ffffff!important;font-size:42px!important;line-height:42px!important;}&#8221; x_largebbresponsive=&#8221;.bb_custom_1632141417861{margin-bottom:30px!important;margin-left:20px!important;}&#8221;][vc_custom_heading text=&#8221;Kwartalnik publikowany<br \/>\nw j\u0119zyku polskim i angielskim, zawieraj\u0105cy:&#8221; font_container=&#8221;tag:div|font_size:30px|text_align:left|color:%23ffffff|line_height:30px&#8221; google_fonts=&#8221;font_family:Montserrat%3Aregular%2C700|font_style:400%20regular%3A400%3Anormal&#8221; css_animation=&#8221;none&#8221; smallbbresponsive=&#8221;.bb_custom_1632070631808{color:#ffffff!important;font-size:42px!important;line-height:42px!important;}&#8221; x_largebbresponsive=&#8221;.bb_custom_1632070631807{margin-bottom:30px!important;margin-left:20px!important;}&#8221;][vc_custom_heading text=&#8221;<\/p>\n<ul>\n<li>prace oryginalne z dziedziny ortodoncji<\/li>\n<li>wywiady, opinie streszczenia<\/li>\n<li>informacje o wydarzeniach<br \/>\nw \u015brodowisku ortodontycznym.<\/li>\n<\/ul>\n<p>&#8221; font_container=&#8221;tag:div|font_size:20px|text_align:left|color:%23ffffff|line_height:30px&#8221; google_fonts=&#8221;font_family:Montserrat%3Aregular%2C700|font_style:400%20regular%3A400%3Anormal&#8221; css_animation=&#8221;none&#8221; smallbbresponsive=&#8221;.bb_custom_1632179096051{color:#ffffff!important;font-size:42px!important;line-height:42px!important;}&#8221; x_largebbresponsive=&#8221;.bb_custom_1632179096049{margin-bottom:30px!important;margin-left:20px!important;}&#8221;][vc_btn title=&#8221;Dowiedz si\u0119 wi\u0119cej&#8221; style=&#8221;gradient-custom&#8221; gradient_custom_color_1=&#8221;#1d55a4&#8243; gradient_custom_color_2=&#8221;#1d55a4&#8243; size=&#8221;lg&#8221; align=&#8221;center&#8221; css=&#8221;.vc_custom_1668963859671{margin-top: 30px !important;margin-bottom: 0px !important;}&#8221; x_largebbresponsive=&#8221;.bb_custom_1668963859672{font-size:18px!important;line-height:1!important;}&#8221; link=&#8221;url:https%3A%2F%2Fpto.navigare.net.pl%2Fforum-ortodontyczne%2F&#8221; el_class=&#8221;gp-scroll-to-link&#8221; smallbbresponsive=&#8221;.bb_custom_1668963859673{text-align:center!important;}&#8221;][vc_empty_space height=&#8221;64px&#8221;][\/vc_column_inner][\/vc_row_inner][\/vc_column][\/vc_row][vc_row][vc_column][\/vc_column][\/vc_row][vc_row][vc_column][\/vc_column][\/vc_row]<\/p>\n<\/div>","protected":false},"excerpt":{"rendered":"<p>[vc_row full_width=&#8221;stretch_row_content&#8221; equal_height=&#8221;yes&#8221; css_animation=&#8221;fadeIn&#8221; background_position=&#8221;right center&#8221; animated_bg=&#8221;true&#8221; animated_bg_type=&#8221;gp-scrolling-image&#8221; gradient_style=&#8221;custom-gradient&#8221; gradient_bg=&#8221;true&#8221; css=&#8221;.vc_custom_1731696195962{background-image: url(http:\/\/pto.navigare.net.pl\/wp-content\/uploads\/PTO_zdjecie-glowne.jpg?id=100002058) !important;background-position: center !important;background-repeat: no-repeat !important;background-size: cover !important;}&#8221; smallbbresponsive=&#8221;.bb_custom_1731696195966{padding-right:50px!important;padding-left:50px!important;}&#8221; x_smallbbresponsive=&#8221;.bb_custom_1731696195966{padding-right:1px!important;padding-left:1px!important;}&#8221; custom_gradient_css=&#8221;\/* Permalink &#8211; use to edit and share this gradient: https:\/\/colorzilla.com\/gradient-editor\/#000000+0,000000+100&amp;0.65+0,0+100;Neutral+Density *\/ background: -moz-linear-gradient(left, rgba(0,0,0,0.65) 0%, rgba(0,0,0,0) 100%); \/* FF3.6-15 *\/ background: -webkit-linear-gradient(left, rgba(0,0,0,0.65) 0%,rgba(0,0,0,0) 100%); \/* Chrome10-25,Safari5.1-6 *\/ background: linear-gradient(to right, rgba(0,0,0,0.65) 0%,rgba(0,0,0,0) [&hellip;]<\/p>\n","protected":false},"author":1,"featured_media":0,"parent":0,"menu_order":0,"comment_status":"closed","ping_status":"closed","template":"homepage-template.php","meta":{"_bbp_topic_count":0,"_bbp_reply_count":0,"_bbp_total_topic_count":0,"_bbp_total_reply_count":0,"_bbp_voice_count":0,"_bbp_anonymous_reply_count":0,"_bbp_topic_count_hidden":0,"_bbp_reply_count_hidden":0,"_bbp_forum_subforum_count":0,"footnotes":""},"categories":[],"tags":[],"class_list":["post-100000434","page","type-page","status-publish"],"_links":{"self":[{"href":"https:\/\/pto.navigare.net.pl\/index.php?rest_route=\/wp\/v2\/pages\/100000434","targetHints":{"allow":["GET"]}}],"collection":[{"href":"https:\/\/pto.navigare.net.pl\/index.php?rest_route=\/wp\/v2\/pages"}],"about":[{"href":"https:\/\/pto.navigare.net.pl\/index.php?rest_route=\/wp\/v2\/types\/page"}],"author":[{"embeddable":true,"href":"https:\/\/pto.navigare.net.pl\/index.php?rest_route=\/wp\/v2\/users\/1"}],"replies":[{"embeddable":true,"href":"https:\/\/pto.navigare.net.pl\/index.php?rest_route=%2Fwp%2Fv2%2Fcomments&post=100000434"}],"version-history":[{"count":70,"href":"https:\/\/pto.navigare.net.pl\/index.php?rest_route=\/wp\/v2\/pages\/100000434\/revisions"}],"predecessor-version":[{"id":100002283,"href":"https:\/\/pto.navigare.net.pl\/index.php?rest_route=\/wp\/v2\/pages\/100000434\/revisions\/100002283"}],"wp:attachment":[{"href":"https:\/\/pto.navigare.net.pl\/index.php?rest_route=%2Fwp%2Fv2%2Fmedia&parent=100000434"}],"wp:term":[{"taxonomy":"category","embeddable":true,"href":"https:\/\/pto.navigare.net.pl\/index.php?rest_route=%2Fwp%2Fv2%2Fcategories&post=100000434"},{"taxonomy":"post_tag","embeddable":true,"href":"https:\/\/pto.navigare.net.pl\/index.php?rest_route=%2Fwp%2Fv2%2Ftags&post=100000434"}],"curies":[{"name":"wp","href":"https:\/\/api.w.org\/{rel}","templated":true}]}}