{"id":100000369,"date":"2021-09-19T19:15:09","date_gmt":"2021-09-19T17:15:09","guid":{"rendered":"https:\/\/pto.navigare.net.pl\/?page_id=100000369"},"modified":"2024-06-14T13:51:14","modified_gmt":"2024-06-14T11:51:14","slug":"kontakt","status":"publish","type":"page","link":"https:\/\/pto.navigare.net.pl\/?page_id=100000369","title":{"rendered":"Kontakt"},"content":{"rendered":"<div class=\"wpb-content-wrapper\"><p>[vc_row][vc_column width=&#8221;1\/2&#8243;][vc_column_text]<\/p>\n<h3><strong>Polskie Towarzystwo Ortodontyczne<\/strong><\/h3>\n<p>[\/vc_column_text][vc_column_text]ul. Marcina Kasprzaka 31 lok. 120<br \/>\n01-234 Warszawa<\/p>\n<p>NIP: 7121939694<br \/>\nKRS: 0000034259<br \/>\nREGON: 430715192<\/p>\n<div id=\"text-9\" class=\"widget widget-content widget_text\">\n<div class=\"textwidget\" style=\"margin-bottom: 0px;\">\n<div id=\"gp-contact-details-widget-2\" class=\"widget widget-content gp-contact-details-widget\" style=\"margin-bottom: 0px;\">\n<table class=\"alignleft\" style=\"width: 100%; border-collapse: collapse; border-style: hidden;\" border=\"0px\" cellspacing=\"0px\" cellpadding=\"4px\">\n<tbody>\n<tr>\n<td style=\"width: 12%; border-style: none; padding-left: 0px;\"><img loading=\"lazy\" decoding=\"async\" class=\"alignnone wp-image-100001057\" src=\"http:\/\/pto.navigare.net.pl\/wp-content\/uploads\/2021\/11\/blank-profile-picture-g40a72090d_640-300x300.png\" alt=\"\" width=\"64\" height=\"64\" srcset=\"https:\/\/pto.navigare.net.pl\/wp-content\/uploads\/2021\/11\/blank-profile-picture-g40a72090d_640-300x300.png 300w, https:\/\/pto.navigare.net.pl\/wp-content\/uploads\/2021\/11\/blank-profile-picture-g40a72090d_640-100x100.png 100w, https:\/\/pto.navigare.net.pl\/wp-content\/uploads\/2021\/11\/blank-profile-picture-g40a72090d_640-600x600.png 600w, https:\/\/pto.navigare.net.pl\/wp-content\/uploads\/2021\/11\/blank-profile-picture-g40a72090d_640-150x150.png 150w, https:\/\/pto.navigare.net.pl\/wp-content\/uploads\/2021\/11\/blank-profile-picture-g40a72090d_640-75x75.png 75w, https:\/\/pto.navigare.net.pl\/wp-content\/uploads\/2021\/11\/blank-profile-picture-g40a72090d_640.png 640w\" sizes=\"auto, (max-width: 64px) 100vw, 64px\" \/><\/td>\n<td style=\"width: 70%; border-style: none; \/* color: black; *\/font-weight: 500;\">Marta &#8211; 695 773 695<br \/>\n<span style=\"font-size: 10pt; font-weight: 500;\">Godziny kontaktu: 8:30-16:30<\/span><\/td>\n<\/tr>\n<tr>\n<td style=\"width: 12%; border-style: none; padding-left: 0px;\"><img loading=\"lazy\" decoding=\"async\" class=\"alignnone wp-image-100001057\" src=\"http:\/\/pto.navigare.net.pl\/wp-content\/uploads\/2021\/11\/blank-profile-picture-g40a72090d_640-300x300.png\" alt=\"\" width=\"64\" height=\"64\" srcset=\"https:\/\/pto.navigare.net.pl\/wp-content\/uploads\/2021\/11\/blank-profile-picture-g40a72090d_640-300x300.png 300w, https:\/\/pto.navigare.net.pl\/wp-content\/uploads\/2021\/11\/blank-profile-picture-g40a72090d_640-100x100.png 100w, https:\/\/pto.navigare.net.pl\/wp-content\/uploads\/2021\/11\/blank-profile-picture-g40a72090d_640-600x600.png 600w, https:\/\/pto.navigare.net.pl\/wp-content\/uploads\/2021\/11\/blank-profile-picture-g40a72090d_640-150x150.png 150w, https:\/\/pto.navigare.net.pl\/wp-content\/uploads\/2021\/11\/blank-profile-picture-g40a72090d_640-75x75.png 75w, https:\/\/pto.navigare.net.pl\/wp-content\/uploads\/2021\/11\/blank-profile-picture-g40a72090d_640.png 640w\" sizes=\"auto, (max-width: 64px) 100vw, 64px\" \/><\/td>\n<td style=\"width: 70%; border-style: none; \/* color: black; *\/font-weight: 500;\">Marzena &#8211; 605 130 788<br \/>\n<span style=\"font-size: 10pt; font-weight: 500;\">Godziny kontaktu: 14:00-17:00<\/span><\/td>\n<\/tr>\n<\/tbody>\n<\/table>\n<div class=\"gp-contact-detail gp-contact-email\">\n<div class=\"gp-contact-text\">sekretariat@pto.info.pl<\/div>\n<\/div>\n<\/div>\n<\/div>\n<\/div>\n<p>[\/vc_column_text][vc_separator][\/vc_column][vc_column width=&#8221;1\/2&#8243;][vc_column_text bb_tab_container=&#8221;&#8221;]<iframe loading=\"lazy\" style=\"border: 0;\" src=\"https:\/\/www.google.com\/maps\/embed?pb=!1m18!1m12!1m3!1d2443.8779570011147!2d20.95163267617374!3d52.22743505784958!2m3!1f0!2f0!3f0!3m2!1i1024!2i768!4f13.1!3m3!1m2!1s0x471ecbefad80e3b9%3A0xa10e8fbcb48acb37!2sMarcina%20Kasprzaka%2031%2F120%2C%2001-234%20Warszawa!5e0!3m2!1spl!2spl!4v1717520166966!5m2!1spl!2spl\" width=\"640\" height=\"480\" allowfullscreen=\"allowfullscreen\"><\/iframe>[\/vc_column_text][\/vc_column][\/vc_row][vc_row][vc_column width=&#8221;2\/3&#8243;][vc_column_text]<\/p>\n<h3>Formularz kontaktowy<\/h3>\n<p>[\/vc_column_text][vc_column_text]\n<div class=\"wpcf7 no-js\" id=\"wpcf7-f100000858-o1\" lang=\"pl-PL\" dir=\"ltr\" data-wpcf7-id=\"100000858\">\n<div class=\"screen-reader-response\"><p role=\"status\" aria-live=\"polite\" aria-atomic=\"true\"><\/p> <ul><\/ul><\/div>\n<form action=\"\/index.php?rest_route=%2Fwp%2Fv2%2Fpages%2F100000369#wpcf7-f100000858-o1\" method=\"post\" class=\"wpcf7-form init\" aria-label=\"Formularz kontaktowy\" novalidate=\"novalidate\" data-status=\"init\">\n<fieldset class=\"hidden-fields-container\"><input type=\"hidden\" name=\"_wpcf7\" value=\"100000858\" \/><input type=\"hidden\" name=\"_wpcf7_version\" value=\"6.1.3\" \/><input type=\"hidden\" name=\"_wpcf7_locale\" value=\"pl_PL\" \/><input type=\"hidden\" name=\"_wpcf7_unit_tag\" value=\"wpcf7-f100000858-o1\" \/><input type=\"hidden\" name=\"_wpcf7_container_post\" value=\"0\" \/><input type=\"hidden\" name=\"_wpcf7_posted_data_hash\" value=\"\" \/>\n<\/fieldset>\n<p><label> Tytu\u0142<br \/>\n<span class=\"wpcf7-form-control-wrap\" data-name=\"Title\"><input size=\"40\" maxlength=\"400\" class=\"wpcf7-form-control wpcf7-text\" aria-invalid=\"false\" value=\"\" type=\"text\" name=\"Title\" \/><\/span> <\/label>\n<\/p>\n<p><label> Twoje imi\u0119 i nazwisko<br \/>\n<span class=\"wpcf7-form-control-wrap\" data-name=\"your-name\"><input size=\"40\" maxlength=\"400\" class=\"wpcf7-form-control wpcf7-text wpcf7-validates-as-required\" aria-required=\"true\" aria-invalid=\"false\" value=\"\" type=\"text\" name=\"your-name\" \/><\/span> <\/label>\n<\/p>\n<p><label> Tw\u00f3j adres e-mail<br \/>\n<span class=\"wpcf7-form-control-wrap\" data-name=\"your-email\"><input size=\"40\" maxlength=\"400\" class=\"wpcf7-form-control wpcf7-email wpcf7-validates-as-required wpcf7-text wpcf7-validates-as-email\" aria-required=\"true\" aria-invalid=\"false\" value=\"\" type=\"email\" name=\"your-email\" \/><\/span> <\/label>\n<\/p>\n<p><label> Tre\u015b\u0107 wiadomo\u015bci<br \/>\n<span class=\"wpcf7-form-control-wrap\" data-name=\"your-message\"><textarea cols=\"40\" rows=\"10\" maxlength=\"2000\" class=\"wpcf7-form-control wpcf7-textarea wpcf7-validates-as-required\" aria-required=\"true\" aria-invalid=\"false\" name=\"your-message\"><\/textarea><\/span> <\/label>\n<\/p>\n<p><span class=\"wpcf7-form-control-wrap\" data-name=\"acceptance-680\"><span class=\"wpcf7-form-control wpcf7-acceptance\"><span class=\"wpcf7-list-item\"><label><input type=\"checkbox\" name=\"acceptance-680\" value=\"1\" aria-invalid=\"false\" \/><span class=\"wpcf7-list-item-label\">Zosta\u0142em\/\u0142am poinformowany\/a, \u017ce Administratorem danych jest Polskie Towarzystwo Ortodontyczne z siedzib\u0105 przy ul. Marcina Kasprzaka 31 lok. 120, 01-234 Warszawa, S\u0105d Rejonowy w Warszawie pod numerem KRS 0000034259. Z Administratorem mo\u017cna si\u0119 kontaktowa\u0107 poprzez formularz kontaktowy pod adresem https:\/\/pto.info.pl lub mailem. Pani\/Pana dane osobowe b\u0119d\u0105 przetwarzane w celu obs\u0142ugi \u017c\u0105dania lub udzielenia odpowiedzi na pytanie przes\u0142ane za po\u015brednictwem formularza kontaktowego \u2013 podstaw\u0105 prawn\u0105 przetwarzania b\u0119dzie prawnie uzasadniony interes Administratora Danych - zgodnie z art. 6 ust. 1 lit f Rozporz\u0105dzenia 2016\/679 (uzasadnionym interesem jest w szczeg\u00f3lno\u015bci udzielanie odpowiedzi na pytania zadane Administratorowi, obs\u0142uga \u017c\u0105da\u0144 na pytania). Pani\/Pana dane osobowe mog\u0105 by\u0107 przekazywane dostawcom us\u0142ug IT dzia\u0142aj\u0105cych dla Administratora Danych oraz podmiotom i instytucjom na podstawie obowi\u0105zuj\u0105cych przepis\u00f3w prawa. Pani\/Pana dane b\u0119d\u0105 przetwarzane przez okres niezb\u0119dny do udzielania odpowiedzi lub obs\u0142ugi \u017c\u0105dania. Przys\u0142uguje Pani\/Panu prawo do dost\u0119pu do danych, do \u017c\u0105dania ich sprostowania, usuni\u0119cia lub ograniczenia przetwarzania oraz prawo do sprzeciwu wobec przetwarzania na podstawie prawnie uzasadnionego interesu Administratora. Przys\u0142uguje Pani\/Panu tak\u017ce prawo do wniesienia skargi do organu nadzorczego. Pani\/Pana dane nie b\u0119d\u0105 przekazywane do pa\u0144stwa trzeciego. Podanie danych nie jest wymogiem ustawowym i jest dobrowolne. Pani\/Pana dane nie b\u0119d\u0105 podlega\u0142y profilowaniu. Brak ich podania uniemo\u017cliwi Administratorowi odpowied\u017a na pytanie lub ustosunkowanie si\u0119 do \u017c\u0105dania i jego obs\u0142ugi.<\/span><\/label><\/span><\/span><\/span>\n<\/p>\n<p><input class=\"wpcf7-form-control wpcf7-submit has-spinner\" type=\"submit\" value=\"Wy\u015blij\" \/>\n<\/p><div class=\"wpcf7-response-output\" aria-hidden=\"true\"><\/div>\n<\/form>\n<\/div>\n[\/vc_column_text][\/vc_column][vc_column width=&#8221;1\/3&#8243;][\/vc_column][\/vc_row]<\/p>\n<\/div>","protected":false},"excerpt":{"rendered":"<p>[vc_row][vc_column width=&#8221;1\/2&#8243;][vc_column_text] Polskie Towarzystwo Ortodontyczne [\/vc_column_text][vc_column_text]ul. Marcina Kasprzaka 31 lok. 120 01-234 Warszawa NIP: 7121939694 KRS: 0000034259 REGON: 430715192 Marta &#8211; 695 773 695 Godziny kontaktu: 8:30-16:30 Marzena &#8211; 605 130 788 Godziny kontaktu: 14:00-17:00 sekretariat@pto.info.pl [\/vc_column_text][vc_separator][\/vc_column][vc_column width=&#8221;1\/2&#8243;][vc_column_text bb_tab_container=&#8221;&#8221;][\/vc_column_text][\/vc_column][\/vc_row][vc_row][vc_column width=&#8221;2\/3&#8243;][vc_column_text] Formularz kontaktowy [\/vc_column_text][vc_column_text][\/vc_column_text][\/vc_column][vc_column width=&#8221;1\/3&#8243;][\/vc_column][\/vc_row]<\/p>\n","protected":false},"author":1,"featured_media":0,"parent":0,"menu_order":0,"comment_status":"closed","ping_status":"closed","template":"","meta":{"_bbp_topic_count":0,"_bbp_reply_count":0,"_bbp_total_topic_count":0,"_bbp_total_reply_count":0,"_bbp_voice_count":0,"_bbp_anonymous_reply_count":0,"_bbp_topic_count_hidden":0,"_bbp_reply_count_hidden":0,"_bbp_forum_subforum_count":0,"footnotes":""},"categories":[],"tags":[],"class_list":["post-100000369","page","type-page","status-publish"],"_links":{"self":[{"href":"https:\/\/pto.navigare.net.pl\/index.php?rest_route=\/wp\/v2\/pages\/100000369","targetHints":{"allow":["GET"]}}],"collection":[{"href":"https:\/\/pto.navigare.net.pl\/index.php?rest_route=\/wp\/v2\/pages"}],"about":[{"href":"https:\/\/pto.navigare.net.pl\/index.php?rest_route=\/wp\/v2\/types\/page"}],"author":[{"embeddable":true,"href":"https:\/\/pto.navigare.net.pl\/index.php?rest_route=\/wp\/v2\/users\/1"}],"replies":[{"embeddable":true,"href":"https:\/\/pto.navigare.net.pl\/index.php?rest_route=%2Fwp%2Fv2%2Fcomments&post=100000369"}],"version-history":[{"count":37,"href":"https:\/\/pto.navigare.net.pl\/index.php?rest_route=\/wp\/v2\/pages\/100000369\/revisions"}],"predecessor-version":[{"id":100001921,"href":"https:\/\/pto.navigare.net.pl\/index.php?rest_route=\/wp\/v2\/pages\/100000369\/revisions\/100001921"}],"wp:attachment":[{"href":"https:\/\/pto.navigare.net.pl\/index.php?rest_route=%2Fwp%2Fv2%2Fmedia&parent=100000369"}],"wp:term":[{"taxonomy":"category","embeddable":true,"href":"https:\/\/pto.navigare.net.pl\/index.php?rest_route=%2Fwp%2Fv2%2Fcategories&post=100000369"},{"taxonomy":"post_tag","embeddable":true,"href":"https:\/\/pto.navigare.net.pl\/index.php?rest_route=%2Fwp%2Fv2%2Ftags&post=100000369"}],"curies":[{"name":"wp","href":"https:\/\/api.w.org\/{rel}","templated":true}]}}