{"id":100000365,"date":"2021-09-19T19:14:46","date_gmt":"2021-09-19T17:14:46","guid":{"rendered":"https:\/\/pto.navigare.net.pl\/?page_id=100000365"},"modified":"2024-11-15T19:57:52","modified_gmt":"2024-11-15T18:57:52","slug":"wspolpraca-zagraniczna","status":"publish","type":"page","link":"https:\/\/pto.navigare.net.pl\/?page_id=100000365","title":{"rendered":"Wsp\u00f3\u0142praca zagraniczna"},"content":{"rendered":"<div class=\"wpb-content-wrapper\"><p>[vc_row][vc_column][vc_single_image image=&#8221;100002073&#8243; img_size=&#8221;full&#8221; bb_tab_container=&#8221;&#8221;][vc_custom_heading text=&#8221;W 2000 r. Polskie Towarzystwo Ortodontyczne, jako pierwsza taka organizacja z kraj\u00f3w Europy Wschodniej zosta\u0142o przyj\u0119te do European Federation of Orthodontic Specialists Associations (EFOSA) &#8211; Europejskiej Federacji Specjalist\u00f3w Ortodont\u00f3w, a w 2005 po wej\u015bciu Polski do Unii Europejskiej sta\u0142o si\u0119 aktywnym cz\u0142onkiem EFOSA.&#8221; font_container=&#8221;tag:h3|font_size:16|text_align:left|color:%230151a0&#8243; use_theme_fonts=&#8221;yes&#8221;][vc_column_text]Towarzystwo jest te\u017c cz\u0142onkiem zrzeszonym w World Federation of Orthodontists (WFO) &#8211; \u015awiatowej Federacji Ortodont\u00f3w, dzi\u0119ki czemu cz\u0142onkowie PTO poprzez nasze Towarzystwo mog\u0105 wst\u0105pi\u0107 w szeregi tej organizacji.[\/vc_column_text][vc_btn title=&#8221;WFO na Facebooku&#8221; style=&#8221;gradient-custom&#8221; gradient_custom_color_1=&#8221;#1d55a4&#8243; gradient_custom_color_2=&#8221;#1d55a4&#8243; size=&#8221;lg&#8221; align=&#8221;left&#8221; css=&#8221;.vc_custom_1717582159498{margin-top: 30px !important;margin-bottom: 0px !important;}&#8221; x_largebbresponsive=&#8221;.bb_custom_1717582159501{font-size:18px!important;line-height:1!important;}&#8221; link=&#8221;url:https%3A%2F%2Fwww.facebook.com%2Fwfo95%2F%20&#8243; el_class=&#8221;gp-scroll-to-link&#8221; smallbbresponsive=&#8221;.bb_custom_1717582159507{text-align:center!important;}&#8221;][\/vc_column][\/vc_row]<\/p>\n<\/div>","protected":false},"excerpt":{"rendered":"<p>[vc_row][vc_column][vc_single_image image=&#8221;100002073&#8243; img_size=&#8221;full&#8221; bb_tab_container=&#8221;&#8221;][vc_custom_heading text=&#8221;W 2000 r. Polskie Towarzystwo Ortodontyczne, jako pierwsza taka organizacja z kraj\u00f3w Europy Wschodniej zosta\u0142o przyj\u0119te do European Federation of Orthodontic Specialists Associations (EFOSA) &#8211; Europejskiej Federacji Specjalist\u00f3w Ortodont\u00f3w, a w 2005 po wej\u015bciu Polski do Unii Europejskiej sta\u0142o si\u0119 aktywnym cz\u0142onkiem EFOSA.&#8221; font_container=&#8221;tag:h3|font_size:16|text_align:left|color:%230151a0&#8243; use_theme_fonts=&#8221;yes&#8221;][vc_column_text]Towarzystwo jest te\u017c cz\u0142onkiem zrzeszonym w World [&hellip;]<\/p>\n","protected":false},"author":1,"featured_media":0,"parent":0,"menu_order":0,"comment_status":"closed","ping_status":"closed","template":"","meta":{"_bbp_topic_count":0,"_bbp_reply_count":0,"_bbp_total_topic_count":0,"_bbp_total_reply_count":0,"_bbp_voice_count":0,"_bbp_anonymous_reply_count":0,"_bbp_topic_count_hidden":0,"_bbp_reply_count_hidden":0,"_bbp_forum_subforum_count":0,"footnotes":""},"categories":[],"tags":[],"class_list":["post-100000365","page","type-page","status-publish"],"_links":{"self":[{"href":"https:\/\/pto.navigare.net.pl\/index.php?rest_route=\/wp\/v2\/pages\/100000365","targetHints":{"allow":["GET"]}}],"collection":[{"href":"https:\/\/pto.navigare.net.pl\/index.php?rest_route=\/wp\/v2\/pages"}],"about":[{"href":"https:\/\/pto.navigare.net.pl\/index.php?rest_route=\/wp\/v2\/types\/page"}],"author":[{"embeddable":true,"href":"https:\/\/pto.navigare.net.pl\/index.php?rest_route=\/wp\/v2\/users\/1"}],"replies":[{"embeddable":true,"href":"https:\/\/pto.navigare.net.pl\/index.php?rest_route=%2Fwp%2Fv2%2Fcomments&post=100000365"}],"version-history":[{"count":10,"href":"https:\/\/pto.navigare.net.pl\/index.php?rest_route=\/wp\/v2\/pages\/100000365\/revisions"}],"predecessor-version":[{"id":100002074,"href":"https:\/\/pto.navigare.net.pl\/index.php?rest_route=\/wp\/v2\/pages\/100000365\/revisions\/100002074"}],"wp:attachment":[{"href":"https:\/\/pto.navigare.net.pl\/index.php?rest_route=%2Fwp%2Fv2%2Fmedia&parent=100000365"}],"wp:term":[{"taxonomy":"category","embeddable":true,"href":"https:\/\/pto.navigare.net.pl\/index.php?rest_route=%2Fwp%2Fv2%2Fcategories&post=100000365"},{"taxonomy":"post_tag","embeddable":true,"href":"https:\/\/pto.navigare.net.pl\/index.php?rest_route=%2Fwp%2Fv2%2Ftags&post=100000365"}],"curies":[{"name":"wp","href":"https:\/\/api.w.org\/{rel}","templated":true}]}}