{"id":100000363,"date":"2021-09-19T19:14:33","date_gmt":"2021-09-19T17:14:33","guid":{"rendered":"https:\/\/pto.navigare.net.pl\/?page_id=100000363"},"modified":"2024-06-06T11:45:43","modified_gmt":"2024-06-06T09:45:43","slug":"forum-ortodontyczne","status":"publish","type":"page","link":"https:\/\/pto.navigare.net.pl\/?page_id=100000363","title":{"rendered":"Forum Ortodontyczne"},"content":{"rendered":"<div class=\"wpb-content-wrapper\"><p>[vc_row][vc_column width=&#8221;5\/6&#8243;][vc_single_image image=&#8221;100001327&#8243; img_size=&#8221;full&#8221; onclick=&#8221;custom_link&#8221; link=&#8221;http:\/\/www.forumortodontyczne.pl\/&#8221;][vc_custom_heading text=&#8221;FORUM ORTODONTYCZNE jest kwartalnikiem publikowanym w j\u0119zyku polskim i angielskim. Zawiera prace oryginalne, wywiady, opinie, streszczenia z dziedziny ortodoncji.&#8221; font_container=&#8221;tag:h3|font_size:16|text_align:left&#8221; use_theme_fonts=&#8221;yes&#8221;][vc_column_text]KATEGORIE PRAC. Przyj\u0119te do druku prace s\u0105 publikowane w nast\u0119puj\u0105cych dzia\u0142ach:<br \/>\n&#8211; Badania kliniczne<br \/>\n&#8211; Epidemiologia<br \/>\n&#8211; Opis przypadk\u00f3w<br \/>\n&#8211; Diagnostyka i techniki ortodontyczne<br \/>\n&#8211; Prace przegl\u0105dowe. Do prac przegl\u0105dowych zaliczana jest meta-analiza.<br \/>\n&#8211; Listy do redakcji (s\u0105 form\u0105 prac zaliczanych do dorobku)<\/p>\n<p>Liczba wyda\u0144: 4 w roku[\/vc_column_text][vc_column_text bb_tab_container=&#8221;&#8221;]Wszystkie numery Forum Ortodontycznego s\u0105 bezp\u0142atne do pobrania na stronie czasopisma.[\/vc_column_text][vc_btn title=&#8221;Strona czasopisma&#8221; style=&#8221;gradient-custom&#8221; gradient_custom_color_1=&#8221;#1d55a4&#8243; gradient_custom_color_2=&#8221;#1d55a4&#8243; size=&#8221;lg&#8221; align=&#8221;left&#8221; css=&#8221;.vc_custom_1668957798305{margin-top: 30px !important;margin-bottom: 0px !important;}&#8221; x_largebbresponsive=&#8221;.bb_custom_1668957798306{font-size:18px!important;line-height:1!important;}&#8221; link=&#8221;url:http%3A%2F%2Fwww.forumortodontyczne.pl%2F&#8221; el_class=&#8221;gp-scroll-to-link&#8221; smallbbresponsive=&#8221;.bb_custom_1668957798307{text-align:center!important;}&#8221;][\/vc_column][vc_column width=&#8221;1\/6&#8243;][\/vc_column][\/vc_row]<\/p>\n<\/div>","protected":false},"excerpt":{"rendered":"<p>[vc_row][vc_column width=&#8221;5\/6&#8243;][vc_single_image image=&#8221;100001327&#8243; img_size=&#8221;full&#8221; onclick=&#8221;custom_link&#8221; link=&#8221;http:\/\/www.forumortodontyczne.pl\/&#8221;][vc_custom_heading text=&#8221;FORUM ORTODONTYCZNE jest kwartalnikiem publikowanym w j\u0119zyku polskim i angielskim. Zawiera prace oryginalne, wywiady, opinie, streszczenia z dziedziny ortodoncji.&#8221; font_container=&#8221;tag:h3|font_size:16|text_align:left&#8221; use_theme_fonts=&#8221;yes&#8221;][vc_column_text]KATEGORIE PRAC. Przyj\u0119te do druku prace s\u0105 publikowane w nast\u0119puj\u0105cych dzia\u0142ach: &#8211; Badania kliniczne &#8211; Epidemiologia &#8211; Opis przypadk\u00f3w &#8211; Diagnostyka i techniki ortodontyczne &#8211; Prace przegl\u0105dowe. Do prac [&hellip;]<\/p>\n","protected":false},"author":1,"featured_media":0,"parent":0,"menu_order":0,"comment_status":"closed","ping_status":"closed","template":"","meta":{"_bbp_topic_count":0,"_bbp_reply_count":0,"_bbp_total_topic_count":0,"_bbp_total_reply_count":0,"_bbp_voice_count":0,"_bbp_anonymous_reply_count":0,"_bbp_topic_count_hidden":0,"_bbp_reply_count_hidden":0,"_bbp_forum_subforum_count":0,"footnotes":""},"categories":[],"tags":[],"class_list":["post-100000363","page","type-page","status-publish"],"_links":{"self":[{"href":"https:\/\/pto.navigare.net.pl\/index.php?rest_route=\/wp\/v2\/pages\/100000363","targetHints":{"allow":["GET"]}}],"collection":[{"href":"https:\/\/pto.navigare.net.pl\/index.php?rest_route=\/wp\/v2\/pages"}],"about":[{"href":"https:\/\/pto.navigare.net.pl\/index.php?rest_route=\/wp\/v2\/types\/page"}],"author":[{"embeddable":true,"href":"https:\/\/pto.navigare.net.pl\/index.php?rest_route=\/wp\/v2\/users\/1"}],"replies":[{"embeddable":true,"href":"https:\/\/pto.navigare.net.pl\/index.php?rest_route=%2Fwp%2Fv2%2Fcomments&post=100000363"}],"version-history":[{"count":25,"href":"https:\/\/pto.navigare.net.pl\/index.php?rest_route=\/wp\/v2\/pages\/100000363\/revisions"}],"predecessor-version":[{"id":100001852,"href":"https:\/\/pto.navigare.net.pl\/index.php?rest_route=\/wp\/v2\/pages\/100000363\/revisions\/100001852"}],"wp:attachment":[{"href":"https:\/\/pto.navigare.net.pl\/index.php?rest_route=%2Fwp%2Fv2%2Fmedia&parent=100000363"}],"wp:term":[{"taxonomy":"category","embeddable":true,"href":"https:\/\/pto.navigare.net.pl\/index.php?rest_route=%2Fwp%2Fv2%2Fcategories&post=100000363"},{"taxonomy":"post_tag","embeddable":true,"href":"https:\/\/pto.navigare.net.pl\/index.php?rest_route=%2Fwp%2Fv2%2Ftags&post=100000363"}],"curies":[{"name":"wp","href":"https:\/\/api.w.org\/{rel}","templated":true}]}}