{"id":100000361,"date":"2021-09-19T19:14:15","date_gmt":"2021-09-19T17:14:15","guid":{"rendered":"https:\/\/pto.navigare.net.pl\/?page_id=100000361"},"modified":"2024-06-06T16:57:08","modified_gmt":"2024-06-06T14:57:08","slug":"historia","status":"publish","type":"page","link":"https:\/\/pto.navigare.net.pl\/?page_id=100000361","title":{"rendered":"Historia"},"content":{"rendered":"<div class=\"wpb-content-wrapper\"><p>[vc_row][vc_column width=&#8221;3\/4&#8243;][vc_single_image image=&#8221;100000512&#8243; img_size=&#8221;full&#8221;][\/vc_column][vc_column width=&#8221;1\/4&#8243;][\/vc_column][\/vc_row][vc_row gap=&#8221;20&#8243;][vc_column width=&#8221;2\/3&#8243; css=&#8221;.vc_custom_1717685612394{margin-right: 30px !important;}&#8221;][vc_custom_heading text=&#8221;W 1996 r. w Lublinie z inicjatywy Prof. Anny Komorowskiej i cz\u0142onk\u00f3w za\u0142o\u017cycieli zosta\u0142o powo\u0142ane pierwsze, samodzielne niezale\u017cne towarzystwo dla ortodont\u00f3w, kt\u00f3re przyj\u0119\u0142o nazw\u0119 Polskie Towarzystwo Ortodontyczne (PTO). W jego szeregach znale\u017ali si\u0119 specjali\u015bci ortodonci, lekarze kszta\u0142c\u0105cy si\u0119 w tej dziedzinie i zainteresowani ortodoncj\u0105.&#8221; font_container=&#8221;tag:h3|font_size:16|text_align:left|color:%230151a0&#8243; use_theme_fonts=&#8221;yes&#8221;][vc_custom_heading text=&#8221;Spo\u015br\u00f3d cz\u0142onk\u00f3w za\u0142o\u017cycieli wybrano pierwszy Zarz\u0105d G\u0142\u00f3wny PTO:&#8221; font_container=&#8221;tag:h3|font_size:16|text_align:left&#8221; use_theme_fonts=&#8221;yes&#8221;][vc_column_text]Prezesem zosta\u0142a prof. Anna Komorowska, Z-c\u0105 Prezesa dr n. med. Jolanta Kabasa &#8211; S\u0142otwi\u0144ska, Skarbnikiem &#8211; lek.stom. Bo\u017cena D\u0105ba\u0142a, Sekretarzem &#8211; dr n. med.Zofia Cecherz a cz\u0142onkami: dr n. med. Izabella Dunin-Wilczy\u0144ska i lek.stom. Marta Kosecka. W pierwszej kadencji funkcje Sekretarza pe\u0142ni\u0142y r\u00f3wnie\u017c: lek.stom. Marta Kosecka i dr n. med. Izabella Dunin-Wilczy\u0144ska. Zgodnie ze statutem powo\u0142ano pierwsze Ko\u0142a Regionalne PTO: w Lublinie, gdzie funkcje przewodnicz\u0105cego obj\u0119\u0142a lek.stom. Joanna Milart i w \u0141odzi &#8211; przewodnicz\u0105cy lek.stom. Mariusz Wilk.<\/p>\n<p>Pierwszy zjazd PTO odby\u0142 si\u0119 1 lipca 1997 roku w Warszawie. Uchwalono sk\u0142ad Komisji Rewizyjnej (lek.stom. Danuta Bara, lek.stom. Alicja Kotli\u0144ska, lek.stom. Pawe\u0142 Maciejczak) i Komisji Nagr\u00f3d (prof . Zofia Charazi\u0144ska, dr n.med. Zofia Cecherz, dr n.med. Jolanta Kabasa- S\u0142otwi\u0144ska). Kolejne coroczne Zjazdy gromadzi\u0142y coraz wi\u0119ksz\u0105 liczb\u0119 uczestnik\u00f3w i odbywa\u0142y si\u0119 w r\u00f3\u017cnych miastach Polski:<\/p>\n<p>2. Zjazd &#8211; 1998, \u0141\u00f3d\u017a<br \/>\n3. Zjazd &#8211; 1999, Polanica Zdr\u00f3j<br \/>\n4. Zjazd &#8211; 2000, Warszawa<br \/>\n5. Zjazd &#8211; 2001, Warszawa<br \/>\n6. Zjazd &#8211; 2002, Krak\u00f3w<br \/>\n7. Zjazd &#8211; 2003, Lublin<br \/>\n8. Zjazd &#8211; 2004 Opole<br \/>\n9. Zjazd &#8211; 2005, \u0141\u00f3d\u017a<br \/>\n10. Zjazd &#8211; 2006, Warszawa<br \/>\n11. Zjazd &#8211; 2007, Lublin<br \/>\n12. Zjazd &#8211; 2008, Warszawa<br \/>\n13. Zjazd &#8211; 2009, Wroc\u0142aw<br \/>\n14. Zjazd &#8211; 2010, Warszawa<br \/>\n15. Zjazd &#8211; 2011, Zamo\u015b\u0107<br \/>\n16. Zjazd &#8211; 2012, Pozna\u0144<br \/>\n17. Zjazd &#8211; 2013, Kazimierz Dolny<br \/>\n18. Zjazd &#8211; 2015, Szczecin<br \/>\n19. Zjazd &#8211; 2016, Olsztyn<br \/>\n20. Zjazd &#8211; 2017, \u0141\u00f3d\u017a<br \/>\n21. Zjazd &#8211; 2018, Wroc\u0142aw<br \/>\n22. Zjazd &#8211; 2019. Krak\u00f3w<br \/>\n23. Zjazd &#8211; 2022, Sopot<br \/>\n24. Zjazd &#8211; 2023, Bia\u0142ystok[\/vc_column_text][\/vc_column][vc_column width=&#8221;1\/3&#8243;][vc_custom_heading text=&#8221;Sk\u0142ad Zarz\u0105du Polskiego Towarzystwa Ortodontycznego<br \/>\nkadencja XXXX-XXXX&#8221; font_container=&#8221;tag:h3|font_size:16|text_align:left&#8221; use_theme_fonts=&#8221;yes&#8221;][vc_column_text]<\/p>\n<table style=\"border-collapse: collapse; width: 100%;\">\n<tbody>\n<tr>\n<td style=\"width: 100%;\">Imi\u0119 i nazwisko \u2013 stanowisko<\/td>\n<\/tr>\n<tr>\n<td style=\"width: 100%;\">Imi\u0119 i nazwisko \u2013 stanowisko<\/td>\n<\/tr>\n<tr>\n<td style=\"width: 100%;\">Imi\u0119 i nazwisko \u2013 stanowisko<\/td>\n<\/tr>\n<tr>\n<td style=\"width: 100%;\">Imi\u0119 i nazwisko \u2013 stanowisko<\/td>\n<\/tr>\n<tr>\n<td style=\"width: 100%;\">Imi\u0119 i nazwisko \u2013 stanowisko<\/td>\n<\/tr>\n<\/tbody>\n<\/table>\n<p>[\/vc_column_text][vc_separator][vc_row_inner][vc_column_inner][vc_custom_heading text=&#8221;Sk\u0142ad Zarz\u0105du Polskiego Towarzystwa Ortodontycznego<br \/>\nkadencja XXXX-XXXX&#8221; font_container=&#8221;tag:h3|font_size:16|text_align:left&#8221; use_theme_fonts=&#8221;yes&#8221;][vc_column_text]<\/p>\n<table style=\"border-collapse: collapse; width: 100%;\">\n<tbody>\n<tr>\n<td style=\"width: 100%;\">Imi\u0119 i nazwisko \u2013 stanowisko<\/td>\n<\/tr>\n<tr>\n<td style=\"width: 100%;\">Imi\u0119 i nazwisko \u2013 stanowisko<\/td>\n<\/tr>\n<tr>\n<td style=\"width: 100%;\">Imi\u0119 i nazwisko \u2013 stanowisko<\/td>\n<\/tr>\n<tr>\n<td style=\"width: 100%;\">Imi\u0119 i nazwisko \u2013 stanowisko<\/td>\n<\/tr>\n<tr>\n<td style=\"width: 100%;\">Imi\u0119 i nazwisko \u2013 stanowisko<\/td>\n<\/tr>\n<\/tbody>\n<\/table>\n<p>[\/vc_column_text][vc_separator][\/vc_column_inner][\/vc_row_inner][vc_row_inner][vc_column_inner][vc_custom_heading text=&#8221;Sk\u0142ad Zarz\u0105du Polskiego Towarzystwa Ortodontycznego<br \/>\nkadencja XXXX-XXXX&#8221; font_container=&#8221;tag:h3|font_size:16|text_align:left&#8221; use_theme_fonts=&#8221;yes&#8221;][vc_column_text]<\/p>\n<table style=\"border-collapse: collapse; width: 100%;\">\n<tbody>\n<tr>\n<td style=\"width: 100%;\">Imi\u0119 i nazwisko \u2013 stanowisko<\/td>\n<\/tr>\n<tr>\n<td style=\"width: 100%;\">Imi\u0119 i nazwisko \u2013 stanowisko<\/td>\n<\/tr>\n<tr>\n<td style=\"width: 100%;\">Imi\u0119 i nazwisko \u2013 stanowisko<\/td>\n<\/tr>\n<tr>\n<td style=\"width: 100%;\">Imi\u0119 i nazwisko \u2013 stanowisko<\/td>\n<\/tr>\n<tr>\n<td style=\"width: 100%;\">Imi\u0119 i nazwisko \u2013 stanowisko<\/td>\n<\/tr>\n<\/tbody>\n<\/table>\n<p>[\/vc_column_text][vc_separator][\/vc_column_inner][\/vc_row_inner][\/vc_column][\/vc_row][vc_row][vc_column width=&#8221;2\/3&#8243;][vc_separator][vc_custom_heading text=&#8221;Wybory do Zarz\u0105du G\u0142\u00f3wnego PTO&#8221; font_container=&#8221;tag:h3|font_size:16|text_align:left&#8221; use_theme_fonts=&#8221;yes&#8221;][vc_column_text]Wybory do Zarz\u0105du G\u0142\u00f3wnego PTO odbywaj\u0105 si\u0119, co 4 lata. W roku 2000 w sk\u0142ad Zarz\u0105du wesz\u0142y: Prezes &#8211; prof. Anna Komorowska, Z-ca Prezesa dr n.med. Jolanta Kabasa &#8211; S\u0142otwi\u0144ska, Skarbnik &#8211; dr n. med. Zofia Cecherz, Sekretarz &#8211; dr n. med. Izabella Dunin-Wilczy\u0144ska oraz cz\u0142onek: dr n.med.Edyta Tokarska. W tej kadencji funkcj\u0119 Skarbnika pe\u0142ni\u0142a r\u00f3wnie\u017c: dr n.med.Teresa Munir i lek.stom. Magdalena Dobrowolska, a Sekretarza: lek.stom. Joanna Milart. Na Walnym Zebraniu podczas 8. Zjazdu PTO w Opolu odby\u0142y si\u0119 trzecie wybory do w\u0142adz Towarzystwa. Na stanowisko Prezesa cz\u0142onkowie wybrali dr n. med. Izabell\u0119 Dunin-Wilczy\u0144sk\u0105, Z-c\u0105 Prezesa zosta\u0142a dr n.med. Edyta Tokarska, Skarbnikiem &#8211; lek.stom. Magdalena Dobrowolska-Zarzycka, Sekretarzem &#8211; lek.stom. Agnieszka Lasota, potem lek. stom. J. Magdalena Milart, a cz\u0142onkiem lek.stom. Mariusz Wilk.<\/p>\n<p>Od pocz\u0105tku swojego istnienia Polskie Towarzystwo Ortodontyczne d\u0105\u017cy\u0142o do stworzenia specjalistycznego czasopisma dla ortodont\u00f3w. W latach 1997-98 wydawa\u0142o biuletyn, kt\u00f3ry w 1999 roku zosta\u0142 przekszta\u0142cony w pierwsze w Polsce czasopismo ortodontyczne pt. Ortodoncja Wsp\u00f3\u0142czesna &#8211; organ PTO. Redaktor naczeln\u0105 tego kwartalnika by\u0142a Prof. Anna Komorowska. Czasopismo uzyska\u0142o punktacj\u0119 MEN (3 pkt) i Index Copernicus (3,87 pkt). W 2005 roku kontynuatorem sta\u0142 si\u0119 kwartalnik Forum Ortodontyczne wydawany w j\u0119zyku polskim i angielskim.<\/p>\n<p>W 2000 r. Polskie Towarzystwo Ortodontyczne, jako pierwsza taka organizacja z kraj\u00f3w Europy Wschodniej zosta\u0142o przyj\u0119te do EFOSA (European Federation of Orthodontic Specialists Associations) &#8211; Europejskiej Federacji Specjalist\u00f3w Ortodont\u00f3w, a w 2005 po wej\u015bciu Polski do Unii Europejskiej sta\u0142o si\u0119 aktywnym cz\u0142onkiem EFOSA. Towarzystwo jest te\u017c cz\u0142onkiem zrzeszonym WFO (World Federation of Orthodontists) &#8211; \u015awiatowej Federacji Ortodont\u00f3w i dzi\u0119li temu cz\u0142onkowie PTO &#8211; specjali\u015bci ortodonci, mog\u0105 wst\u0105pi\u0107 w szeregi tej organizacji.[\/vc_column_text][\/vc_column][vc_column width=&#8221;1\/3&#8243;][\/vc_column][\/vc_row]<\/p>\n<\/div>","protected":false},"excerpt":{"rendered":"<p>[vc_row][vc_column width=&#8221;3\/4&#8243;][vc_single_image image=&#8221;100000512&#8243; img_size=&#8221;full&#8221;][\/vc_column][vc_column width=&#8221;1\/4&#8243;][\/vc_column][\/vc_row][vc_row gap=&#8221;20&#8243;][vc_column width=&#8221;2\/3&#8243; css=&#8221;.vc_custom_1717685612394{margin-right: 30px !important;}&#8221;][vc_custom_heading text=&#8221;W 1996 r. w Lublinie z inicjatywy Prof. Anny Komorowskiej i cz\u0142onk\u00f3w za\u0142o\u017cycieli zosta\u0142o powo\u0142ane pierwsze, samodzielne niezale\u017cne towarzystwo dla ortodont\u00f3w, kt\u00f3re przyj\u0119\u0142o nazw\u0119 Polskie Towarzystwo Ortodontyczne (PTO). W jego szeregach znale\u017ali si\u0119 specjali\u015bci ortodonci, lekarze kszta\u0142c\u0105cy si\u0119 w tej dziedzinie i zainteresowani ortodoncj\u0105.&#8221; font_container=&#8221;tag:h3|font_size:16|text_align:left|color:%230151a0&#8243; [&hellip;]<\/p>\n","protected":false},"author":1,"featured_media":0,"parent":0,"menu_order":0,"comment_status":"closed","ping_status":"closed","template":"","meta":{"_bbp_topic_count":0,"_bbp_reply_count":0,"_bbp_total_topic_count":0,"_bbp_total_reply_count":0,"_bbp_voice_count":0,"_bbp_anonymous_reply_count":0,"_bbp_topic_count_hidden":0,"_bbp_reply_count_hidden":0,"_bbp_forum_subforum_count":0,"footnotes":""},"categories":[],"tags":[],"class_list":["post-100000361","page","type-page","status-publish"],"_links":{"self":[{"href":"https:\/\/pto.navigare.net.pl\/index.php?rest_route=\/wp\/v2\/pages\/100000361","targetHints":{"allow":["GET"]}}],"collection":[{"href":"https:\/\/pto.navigare.net.pl\/index.php?rest_route=\/wp\/v2\/pages"}],"about":[{"href":"https:\/\/pto.navigare.net.pl\/index.php?rest_route=\/wp\/v2\/types\/page"}],"author":[{"embeddable":true,"href":"https:\/\/pto.navigare.net.pl\/index.php?rest_route=\/wp\/v2\/users\/1"}],"replies":[{"embeddable":true,"href":"https:\/\/pto.navigare.net.pl\/index.php?rest_route=%2Fwp%2Fv2%2Fcomments&post=100000361"}],"version-history":[{"count":60,"href":"https:\/\/pto.navigare.net.pl\/index.php?rest_route=\/wp\/v2\/pages\/100000361\/revisions"}],"predecessor-version":[{"id":100001916,"href":"https:\/\/pto.navigare.net.pl\/index.php?rest_route=\/wp\/v2\/pages\/100000361\/revisions\/100001916"}],"wp:attachment":[{"href":"https:\/\/pto.navigare.net.pl\/index.php?rest_route=%2Fwp%2Fv2%2Fmedia&parent=100000361"}],"wp:term":[{"taxonomy":"category","embeddable":true,"href":"https:\/\/pto.navigare.net.pl\/index.php?rest_route=%2Fwp%2Fv2%2Fcategories&post=100000361"},{"taxonomy":"post_tag","embeddable":true,"href":"https:\/\/pto.navigare.net.pl\/index.php?rest_route=%2Fwp%2Fv2%2Ftags&post=100000361"}],"curies":[{"name":"wp","href":"https:\/\/api.w.org\/{rel}","templated":true}]}}